{"id":2367,"date":"2021-09-06T11:59:13","date_gmt":"2021-09-06T10:59:13","guid":{"rendered":"https:\/\/www.topnatechnika.com\/?post_type=product&#038;p=2367"},"modified":"2022-08-10T06:47:03","modified_gmt":"2022-08-10T05:47:03","slug":"kamnarsky-tmel-310ml-cerny","status":"publish","type":"product","link":"https:\/\/www.topnatechnika.com\/?product=kamnarsky-tmel-310ml-cerny","title":{"rendered":"Benekov kamn\u00e1\u0159sk\u00fd tmel 310ml  \u010dern\u00fd"},"content":{"rendered":"<p>Jednoslo\u017ekov\u00fd tmel, vytvrzuj\u00edc\u00ed vulkanizac\u00ed vzdu\u0161n\u00e9 vlhkosti, vytv\u00e1\u0159\u00ed trvale pevn\u00fd spoj, odoln\u00fd vysok\u00fdm teplot\u00e1m.<\/p>\n<p>Ur\u010deno pro v\u0161echny kotle s litinov\u00fdm ro\u0161tem.<\/p>\n<p>ilustra\u010dn\u00ed foto<\/p>\n<h3>Vlastnosti<\/h3>\n<ul>\n<li>Okam\u017eit\u011b pou\u017eiteln\u00fd, snadno aplikovateln\u00fd<\/li>\n<li>Tepeln\u00e1 odolnost do +1200 \u00b0C<\/li>\n<li>Vysok\u00e1 p\u0159ilnavost na sav\u00e9 i nesav\u00e9 materi\u00e1ly a jejich vz\u00e1jemn\u00e9 kombinace<\/li>\n<\/ul>\n","protected":false},"excerpt":{"rendered":"<p>Jednoslo\u017ekov\u00fd tmel, vytvrzuj\u00edc\u00ed vulkanizac\u00ed vzdu\u0161n\u00e9 vlhkosti, vytv\u00e1\u0159\u00ed trvale pevn\u00fd spoj, odoln\u00fd vysok\u00fdm teplot\u00e1m.<\/p>\n<h3>Vlastnosti<\/h3>\n<ul>\n<li>Okam\u017eit\u011b pou\u017eiteln\u00fd, snadno aplikovateln\u00fd<\/li>\n<li>Tepeln\u00e1 odolnost do +1200 \u00b0C<\/li>\n<li>Vysok\u00e1 p\u0159ilnavost na sav\u00e9 i nesav\u00e9 materi\u00e1ly a jejich vz\u00e1jemn\u00e9 kombinace<\/li>\n<\/ul>\n","protected":false},"featured_media":2368,"template":"","meta":[],"product_brand":[],"product_cat":[20],"product_tag":[],"class_list":{"0":"post-2367","1":"product","2":"type-product","3":"status-publish","4":"has-post-thumbnail","6":"product_cat-benekov","7":"product_shipping_class-gl","8":"thunk-woo-product-list","9":"opn-qv-enable","10":"top-store-woo-hover-","11":"top-store-single-product-tab-horizontal","12":"top-store-shadow-","13":"top-store-shadow-hover-","15":"first","16":"instock","17":"taxable","18":"shipping-taxable","19":"purchasable","20":"product-type-simple"},"_links":{"self":[{"href":"https:\/\/www.topnatechnika.com\/index.php?rest_route=\/wp\/v2\/product\/2367","targetHints":{"allow":["GET"]}}],"collection":[{"href":"https:\/\/www.topnatechnika.com\/index.php?rest_route=\/wp\/v2\/product"}],"about":[{"href":"https:\/\/www.topnatechnika.com\/index.php?rest_route=\/wp\/v2\/types\/product"}],"wp:featuredmedia":[{"embeddable":true,"href":"https:\/\/www.topnatechnika.com\/index.php?rest_route=\/wp\/v2\/media\/2368"}],"wp:attachment":[{"href":"https:\/\/www.topnatechnika.com\/index.php?rest_route=%2Fwp%2Fv2%2Fmedia&parent=2367"}],"wp:term":[{"taxonomy":"product_brand","embeddable":true,"href":"https:\/\/www.topnatechnika.com\/index.php?rest_route=%2Fwp%2Fv2%2Fproduct_brand&post=2367"},{"taxonomy":"product_cat","embeddable":true,"href":"https:\/\/www.topnatechnika.com\/index.php?rest_route=%2Fwp%2Fv2%2Fproduct_cat&post=2367"},{"taxonomy":"product_tag","embeddable":true,"href":"https:\/\/www.topnatechnika.com\/index.php?rest_route=%2Fwp%2Fv2%2Fproduct_tag&post=2367"}],"curies":[{"name":"wp","href":"https:\/\/api.w.org\/{rel}","templated":true}]}}