{"id":2371,"date":"2021-09-08T17:33:02","date_gmt":"2021-09-08T16:33:02","guid":{"rendered":"https:\/\/www.topnatechnika.com\/?post_type=product&#038;p=2371"},"modified":"2023-01-11T11:07:14","modified_gmt":"2023-01-11T10:07:14","slug":"automaticke-zapalovani","status":"publish","type":"product","link":"https:\/\/www.topnatechnika.com\/?product=automaticke-zapalovani","title":{"rendered":"Benekov automatick\u00e9 zapalov\u00e1n\u00ed R15"},"content":{"rendered":"<p>Automatick\u00e9 zapalov\u00e1n\u00ed R15 &#8211; prav\u00fd kotel<\/p>\n<h1><\/h1>\n","protected":false},"excerpt":{"rendered":"<p>Automatick\u00e9 zapalov\u00e1n\u00ed R15 &#8211; prav\u00fd kotel<\/p>\n","protected":false},"featured_media":2372,"template":"","meta":[],"product_brand":[],"product_cat":[20],"product_tag":[],"class_list":{"0":"post-2371","1":"product","2":"type-product","3":"status-publish","4":"has-post-thumbnail","6":"product_cat-benekov","7":"product_shipping_class-gl","8":"thunk-woo-product-list","9":"opn-qv-enable","10":"top-store-woo-hover-","11":"top-store-single-product-tab-horizontal","12":"top-store-shadow-","13":"top-store-shadow-hover-","15":"first","16":"outofstock","17":"taxable","18":"shipping-taxable","19":"purchasable","20":"product-type-simple"},"_links":{"self":[{"href":"https:\/\/www.topnatechnika.com\/index.php?rest_route=\/wp\/v2\/product\/2371","targetHints":{"allow":["GET"]}}],"collection":[{"href":"https:\/\/www.topnatechnika.com\/index.php?rest_route=\/wp\/v2\/product"}],"about":[{"href":"https:\/\/www.topnatechnika.com\/index.php?rest_route=\/wp\/v2\/types\/product"}],"wp:featuredmedia":[{"embeddable":true,"href":"https:\/\/www.topnatechnika.com\/index.php?rest_route=\/wp\/v2\/media\/2372"}],"wp:attachment":[{"href":"https:\/\/www.topnatechnika.com\/index.php?rest_route=%2Fwp%2Fv2%2Fmedia&parent=2371"}],"wp:term":[{"taxonomy":"product_brand","embeddable":true,"href":"https:\/\/www.topnatechnika.com\/index.php?rest_route=%2Fwp%2Fv2%2Fproduct_brand&post=2371"},{"taxonomy":"product_cat","embeddable":true,"href":"https:\/\/www.topnatechnika.com\/index.php?rest_route=%2Fwp%2Fv2%2Fproduct_cat&post=2371"},{"taxonomy":"product_tag","embeddable":true,"href":"https:\/\/www.topnatechnika.com\/index.php?rest_route=%2Fwp%2Fv2%2Fproduct_tag&post=2371"}],"curies":[{"name":"wp","href":"https:\/\/api.w.org\/{rel}","templated":true}]}}