{"id":2386,"date":"2021-09-17T14:27:26","date_gmt":"2021-09-17T13:27:26","guid":{"rendered":"https:\/\/www.topnatechnika.com\/?post_type=product&#038;p=2386"},"modified":"2026-04-27T10:39:39","modified_gmt":"2026-04-27T08:39:39","slug":"benekov-em800-r4-sada","status":"publish","type":"product","link":"https:\/\/www.topnatechnika.com\/?product=benekov-em800-r4-sada","title":{"rendered":"Benekov EM800 R4 bal\u00ed\u010dek jednotky"},"content":{"rendered":"<p>Regul\u00e1tor kotle BENEKOV EM800 R4 je modern\u00ed elektronick\u00e9 za\u0159\u00edzen\u00ed pro \u0159\u00edzen\u00ed pr\u00e1ce kotle na tuh\u00e1 paliva se \u0161nekov\u00fdm podava\u010dem,<\/p>\n<p>tato jednotka je pou\u017eita u kotl\u016f: B14\/B20\/B25\/CosmoTHERM U 26<\/p>\n<p>Sadu lze pou\u017e\u00edt pro z\u00e1m\u011bnu za EM 250 kter\u00e1 se nedod\u00e1v\u00e1. (obsahuje kompletn\u00ed kabel\u00e1\u017ee)<\/p>\n<p>ilustra\u010dn\u00ed obr\u00e1zek<\/p>\n<p>Regul\u00e1tor je multifunk\u010dn\u00ed za\u0159\u00edzen\u00ed, kter\u00e9:<\/p>\n<ul>\n<li>automaticky udr\u017euje \u017e\u00e1danou teplotu kotle t\u00edm, \u017ee \u0159\u00edd\u00ed proces spalov\u00e1n\u00ed,<\/li>\n<li>\u010dasov\u011b reguluje \u0161nekov\u00fd podava\u010d a ventil\u00e1tor,<\/li>\n<li>automaticky udr\u017euje \u017e\u00e1danou teplotu z\u00e1sobn\u00edku TUV<\/li>\n<li>Ur\u010deno pro odbornou mont\u00e1\u017e.<\/li>\n<\/ul>\n<p>&nbsp;<\/p>\n","protected":false},"excerpt":{"rendered":"<p>Bal\u00ed\u010dek \u0159\u00eddic\u00ed jednotky EM800 R4 (do 50kW)<\/p>\n<p>&nbsp;<\/p>\n","protected":false},"featured_media":2775,"template":"","meta":[],"product_brand":[],"product_cat":[20],"product_tag":[],"class_list":{"0":"post-2386","1":"product","2":"type-product","3":"status-publish","4":"has-post-thumbnail","6":"product_cat-benekov","7":"product_shipping_class-gl","8":"thunk-woo-product-list","9":"opn-qv-enable","10":"top-store-woo-hover-","11":"top-store-single-product-tab-horizontal","12":"top-store-shadow-","13":"top-store-shadow-hover-","15":"first","16":"instock","17":"taxable","18":"shipping-taxable","19":"purchasable","20":"product-type-simple"},"_links":{"self":[{"href":"https:\/\/www.topnatechnika.com\/index.php?rest_route=\/wp\/v2\/product\/2386","targetHints":{"allow":["GET"]}}],"collection":[{"href":"https:\/\/www.topnatechnika.com\/index.php?rest_route=\/wp\/v2\/product"}],"about":[{"href":"https:\/\/www.topnatechnika.com\/index.php?rest_route=\/wp\/v2\/types\/product"}],"wp:featuredmedia":[{"embeddable":true,"href":"https:\/\/www.topnatechnika.com\/index.php?rest_route=\/wp\/v2\/media\/2775"}],"wp:attachment":[{"href":"https:\/\/www.topnatechnika.com\/index.php?rest_route=%2Fwp%2Fv2%2Fmedia&parent=2386"}],"wp:term":[{"taxonomy":"product_brand","embeddable":true,"href":"https:\/\/www.topnatechnika.com\/index.php?rest_route=%2Fwp%2Fv2%2Fproduct_brand&post=2386"},{"taxonomy":"product_cat","embeddable":true,"href":"https:\/\/www.topnatechnika.com\/index.php?rest_route=%2Fwp%2Fv2%2Fproduct_cat&post=2386"},{"taxonomy":"product_tag","embeddable":true,"href":"https:\/\/www.topnatechnika.com\/index.php?rest_route=%2Fwp%2Fv2%2Fproduct_tag&post=2386"}],"curies":[{"name":"wp","href":"https:\/\/api.w.org\/{rel}","templated":true}]}}