{"id":2399,"date":"2021-09-19T11:08:09","date_gmt":"2021-09-19T10:08:09","guid":{"rendered":"https:\/\/www.topnatechnika.com\/?post_type=product&#038;p=2399"},"modified":"2025-09-19T11:34:37","modified_gmt":"2025-09-19T09:34:37","slug":"benekov-regulator-rku-3-cz","status":"publish","type":"product","link":"https:\/\/www.topnatechnika.com\/?product=benekov-regulator-rku-3-cz","title":{"rendered":"Benekov regul\u00e1tor RKU 3 CZ"},"content":{"rendered":"<p>Plnohodnotn\u00e1 n\u00e1hrada regul\u00e1toru RKU 3.3, kde nejsou vyu\u017eity v\u00fdstupy pro odpopel\u0148ova\u010d a zapalov\u00e1n\u00ed.<br \/>\nZapojen\u00ed konektor\u016f je identick\u00e9.<\/p>\n<p>\u0158\u00edd\u00edc\u00ed jednotka RKU 3 se technicky li\u0161\u00ed od RKU 1 a RKU 1.5 t\u00edm, \u017ee pod tla\u010d\u00edtkem 9 je mo\u017eno zvolit dv\u011b funkce (2ndF):<\/p>\n<ul>\n<li>Teplotu zapnut\u00ed \u010derpadla<\/li>\n<li>Po\u010det cykl\u016f podava\u010de paliva pro zapnut\u00ed odpopel\u0148ova\u010de<\/li>\n<li>Ur\u010deno pro odbornou mont\u00e1\u017e.<\/li>\n<\/ul>\n","protected":false},"excerpt":{"rendered":"<p>Plnohodnotn\u00e1 n\u00e1hrada regul\u00e1toru RKU 3.3, kde nejsou vyu\u017eity v\u00fdstupy pro odpopel\u0148ova\u010d a zapalov\u00e1n\u00ed, p\u0159i podstatn\u011b ni\u017e\u0161\u00ed po\u0159izovac\u00ed cen\u011b.<br \/>\nZapojen\u00ed konektor\u016f je identick\u00e9.<\/p>\n<p>\u0158\u00edd\u00edc\u00ed jednotka RKU 3 se technicky li\u0161\u00ed od RKU 1 a RKU 1.5 t\u00edm, \u017ee pod tla\u010d\u00edtkem 9 je mo\u017eno zvolit dv\u011b funkce (2ndF):<\/p>\n<ul>\n<li>Teplotu zapnut\u00ed \u010derpadla<\/li>\n<li>Po\u010det cykl\u016f podava\u010de paliva pro zapnut\u00ed odpopel\u0148ova\u010de<\/li>\n<\/ul>\n","protected":false},"featured_media":2400,"template":"","meta":[],"product_brand":[],"product_cat":[20],"product_tag":[],"class_list":{"0":"post-2399","1":"product","2":"type-product","3":"status-publish","4":"has-post-thumbnail","6":"product_cat-benekov","7":"product_shipping_class-gl","8":"thunk-woo-product-list","9":"opn-qv-enable","10":"top-store-woo-hover-","11":"top-store-single-product-tab-horizontal","12":"top-store-shadow-","13":"top-store-shadow-hover-","15":"first","16":"instock","17":"taxable","18":"shipping-taxable","19":"purchasable","20":"product-type-simple"},"_links":{"self":[{"href":"https:\/\/www.topnatechnika.com\/index.php?rest_route=\/wp\/v2\/product\/2399","targetHints":{"allow":["GET"]}}],"collection":[{"href":"https:\/\/www.topnatechnika.com\/index.php?rest_route=\/wp\/v2\/product"}],"about":[{"href":"https:\/\/www.topnatechnika.com\/index.php?rest_route=\/wp\/v2\/types\/product"}],"wp:featuredmedia":[{"embeddable":true,"href":"https:\/\/www.topnatechnika.com\/index.php?rest_route=\/wp\/v2\/media\/2400"}],"wp:attachment":[{"href":"https:\/\/www.topnatechnika.com\/index.php?rest_route=%2Fwp%2Fv2%2Fmedia&parent=2399"}],"wp:term":[{"taxonomy":"product_brand","embeddable":true,"href":"https:\/\/www.topnatechnika.com\/index.php?rest_route=%2Fwp%2Fv2%2Fproduct_brand&post=2399"},{"taxonomy":"product_cat","embeddable":true,"href":"https:\/\/www.topnatechnika.com\/index.php?rest_route=%2Fwp%2Fv2%2Fproduct_cat&post=2399"},{"taxonomy":"product_tag","embeddable":true,"href":"https:\/\/www.topnatechnika.com\/index.php?rest_route=%2Fwp%2Fv2%2Fproduct_tag&post=2399"}],"curies":[{"name":"wp","href":"https:\/\/api.w.org\/{rel}","templated":true}]}}