{"id":2413,"date":"2021-09-26T11:04:27","date_gmt":"2021-09-26T10:04:27","guid":{"rendered":"https:\/\/www.topnatechnika.com\/?post_type=product&#038;p=2413"},"modified":"2025-12-31T17:47:06","modified_gmt":"2025-12-31T16:47:06","slug":"benekov-pouzdro-loziska-horaku-c15","status":"publish","type":"product","link":"https:\/\/www.topnatechnika.com\/?product=benekov-pouzdro-loziska-horaku-c15","title":{"rendered":"Benekov pouzdro lo\u017eiska ho\u0159\u00e1ku C15"},"content":{"rendered":"<p>Pouzdro lo\u017eiska ho\u0159\u00e1ku C15.<\/p>\n<h1><\/h1>\n","protected":false},"excerpt":{"rendered":"<p>Pouzdro lo\u017eiska ho\u0159\u00e1ku C15.<\/p>\n<h1><\/h1>\n","protected":false},"featured_media":2746,"template":"","meta":[],"product_brand":[],"product_cat":[20],"product_tag":[],"class_list":{"0":"post-2413","1":"product","2":"type-product","3":"status-publish","4":"has-post-thumbnail","6":"product_cat-benekov","7":"product_shipping_class-gl","8":"thunk-woo-product-list","9":"opn-qv-enable","10":"top-store-woo-hover-","11":"top-store-single-product-tab-horizontal","12":"top-store-shadow-","13":"top-store-shadow-hover-","15":"first","16":"instock","17":"taxable","18":"shipping-taxable","19":"purchasable","20":"product-type-simple"},"_links":{"self":[{"href":"https:\/\/www.topnatechnika.com\/index.php?rest_route=\/wp\/v2\/product\/2413","targetHints":{"allow":["GET"]}}],"collection":[{"href":"https:\/\/www.topnatechnika.com\/index.php?rest_route=\/wp\/v2\/product"}],"about":[{"href":"https:\/\/www.topnatechnika.com\/index.php?rest_route=\/wp\/v2\/types\/product"}],"wp:featuredmedia":[{"embeddable":true,"href":"https:\/\/www.topnatechnika.com\/index.php?rest_route=\/wp\/v2\/media\/2746"}],"wp:attachment":[{"href":"https:\/\/www.topnatechnika.com\/index.php?rest_route=%2Fwp%2Fv2%2Fmedia&parent=2413"}],"wp:term":[{"taxonomy":"product_brand","embeddable":true,"href":"https:\/\/www.topnatechnika.com\/index.php?rest_route=%2Fwp%2Fv2%2Fproduct_brand&post=2413"},{"taxonomy":"product_cat","embeddable":true,"href":"https:\/\/www.topnatechnika.com\/index.php?rest_route=%2Fwp%2Fv2%2Fproduct_cat&post=2413"},{"taxonomy":"product_tag","embeddable":true,"href":"https:\/\/www.topnatechnika.com\/index.php?rest_route=%2Fwp%2Fv2%2Fproduct_tag&post=2413"}],"curies":[{"name":"wp","href":"https:\/\/api.w.org\/{rel}","templated":true}]}}