{"id":2434,"date":"2021-10-04T08:42:28","date_gmt":"2021-10-04T07:42:28","guid":{"rendered":"https:\/\/www.topnatechnika.com\/?post_type=product&#038;p=2434"},"modified":"2026-03-30T11:08:37","modified_gmt":"2026-03-30T09:08:37","slug":"benekov-ocelove-zhavici-telisko","status":"publish","type":"product","link":"https:\/\/www.topnatechnika.com\/?product=benekov-ocelove-zhavici-telisko","title":{"rendered":"Benekov ocelov\u00e1 zapalovac\u00ed spir\u00e1la"},"content":{"rendered":"<h1>230V AC\/235, 300W<\/h1>\n<p>Typy kotl\u016f : K14 s ho\u0159\u00e1kem PellasX REVO, TRINNITY P 20\/25 s ho\u0159\u00e1kem PELLAS X M<\/p>\n<p>Tento n\u00e1hradn\u00ed d\u00edl pat\u0159\u00ed mezi spot\u0159ebn\u00ed materi\u00e1l.<br \/>\nV\u00fdrobce na n\u011bj poskytuje zkr\u00e1cenou z\u00e1ru\u010dn\u00ed lh\u016ftu v d\u00e9lce 6 m\u011bs\u00edc\u016f.<\/p>\n<p>Ur\u010deno pro odbornou mont\u00e1\u017e.<\/p>\n","protected":false},"excerpt":{"rendered":"<h1>230V AC\/235, 300W<\/h1>\n<p>Typy kotl\u016f : K14 s ho\u0159\u00e1kem PellasX REVO, TRINNITY P 20\/25 s ho\u0159\u00e1kem PELLAS X M<\/p>\n<p>Tento n\u00e1hradn\u00ed d\u00edl pat\u0159\u00ed mezi spot\u0159ebn\u00ed materi\u00e1l.<br \/>\nV\u00fdrobce na n\u011bj poskytuje zkr\u00e1cenou z\u00e1ru\u010dn\u00ed lh\u016ftu v d\u00e9lce 6 m\u011bs\u00edc\u016f.<\/p>\n","protected":false},"featured_media":2441,"template":"","meta":[],"product_brand":[],"product_cat":[20],"product_tag":[],"class_list":{"0":"post-2434","1":"product","2":"type-product","3":"status-publish","4":"has-post-thumbnail","6":"product_cat-benekov","7":"product_shipping_class-gl","8":"thunk-woo-product-list","9":"opn-qv-enable","10":"top-store-woo-hover-","11":"top-store-single-product-tab-horizontal","12":"top-store-shadow-","13":"top-store-shadow-hover-","15":"first","16":"instock","17":"taxable","18":"shipping-taxable","19":"purchasable","20":"product-type-simple"},"_links":{"self":[{"href":"https:\/\/www.topnatechnika.com\/index.php?rest_route=\/wp\/v2\/product\/2434","targetHints":{"allow":["GET"]}}],"collection":[{"href":"https:\/\/www.topnatechnika.com\/index.php?rest_route=\/wp\/v2\/product"}],"about":[{"href":"https:\/\/www.topnatechnika.com\/index.php?rest_route=\/wp\/v2\/types\/product"}],"wp:featuredmedia":[{"embeddable":true,"href":"https:\/\/www.topnatechnika.com\/index.php?rest_route=\/wp\/v2\/media\/2441"}],"wp:attachment":[{"href":"https:\/\/www.topnatechnika.com\/index.php?rest_route=%2Fwp%2Fv2%2Fmedia&parent=2434"}],"wp:term":[{"taxonomy":"product_brand","embeddable":true,"href":"https:\/\/www.topnatechnika.com\/index.php?rest_route=%2Fwp%2Fv2%2Fproduct_brand&post=2434"},{"taxonomy":"product_cat","embeddable":true,"href":"https:\/\/www.topnatechnika.com\/index.php?rest_route=%2Fwp%2Fv2%2Fproduct_cat&post=2434"},{"taxonomy":"product_tag","embeddable":true,"href":"https:\/\/www.topnatechnika.com\/index.php?rest_route=%2Fwp%2Fv2%2Fproduct_tag&post=2434"}],"curies":[{"name":"wp","href":"https:\/\/api.w.org\/{rel}","templated":true}]}}