{"id":2442,"date":"2021-10-07T12:46:17","date_gmt":"2021-10-07T11:46:17","guid":{"rendered":"https:\/\/www.topnatechnika.com\/?post_type=product&#038;p=2442"},"modified":"2022-02-04T17:33:56","modified_gmt":"2022-02-04T16:33:56","slug":"krouzek-fixacni-izolace-horaku","status":"publish","type":"product","link":"https:\/\/www.topnatechnika.com\/?product=krouzek-fixacni-izolace-horaku","title":{"rendered":"Krou\u017eek fixa\u010dn\u00ed izolace ho\u0159\u00e1ku"},"content":{"rendered":"<p>Krou\u017eek fixa\u010dn\u00ed izolace ho\u0159\u00e1ku<\/p>\n<p>VICTRIX PRO<\/p>\n","protected":false},"excerpt":{"rendered":"<p>Krou\u017eek fixa\u010dn\u00ed izolace ho\u0159\u00e1ku VICTRIX PRO<\/p>\n","protected":false},"featured_media":2745,"template":"","meta":[],"product_brand":[],"product_cat":[16],"product_tag":[],"class_list":{"0":"post-2442","1":"product","2":"type-product","3":"status-publish","4":"has-post-thumbnail","6":"product_cat-immergas","7":"product_shipping_class-gl","8":"thunk-woo-product-list","9":"opn-qv-enable","10":"top-store-woo-hover-","11":"top-store-single-product-tab-horizontal","12":"top-store-shadow-","13":"top-store-shadow-hover-","15":"first","16":"instock","17":"taxable","18":"shipping-taxable","19":"purchasable","20":"product-type-simple"},"_links":{"self":[{"href":"https:\/\/www.topnatechnika.com\/index.php?rest_route=\/wp\/v2\/product\/2442","targetHints":{"allow":["GET"]}}],"collection":[{"href":"https:\/\/www.topnatechnika.com\/index.php?rest_route=\/wp\/v2\/product"}],"about":[{"href":"https:\/\/www.topnatechnika.com\/index.php?rest_route=\/wp\/v2\/types\/product"}],"wp:featuredmedia":[{"embeddable":true,"href":"https:\/\/www.topnatechnika.com\/index.php?rest_route=\/wp\/v2\/media\/2745"}],"wp:attachment":[{"href":"https:\/\/www.topnatechnika.com\/index.php?rest_route=%2Fwp%2Fv2%2Fmedia&parent=2442"}],"wp:term":[{"taxonomy":"product_brand","embeddable":true,"href":"https:\/\/www.topnatechnika.com\/index.php?rest_route=%2Fwp%2Fv2%2Fproduct_brand&post=2442"},{"taxonomy":"product_cat","embeddable":true,"href":"https:\/\/www.topnatechnika.com\/index.php?rest_route=%2Fwp%2Fv2%2Fproduct_cat&post=2442"},{"taxonomy":"product_tag","embeddable":true,"href":"https:\/\/www.topnatechnika.com\/index.php?rest_route=%2Fwp%2Fv2%2Fproduct_tag&post=2442"}],"curies":[{"name":"wp","href":"https:\/\/api.w.org\/{rel}","templated":true}]}}