{"id":2455,"date":"2021-10-15T15:27:23","date_gmt":"2021-10-15T14:27:23","guid":{"rendered":"https:\/\/www.topnatechnika.com\/?post_type=product&#038;p=2455"},"modified":"2021-10-24T07:51:15","modified_gmt":"2021-10-24T06:51:15","slug":"deska-zakladni-zonova-centrala","status":"publish","type":"product","link":"https:\/\/www.topnatechnika.com\/?product=deska-zakladni-zonova-centrala","title":{"rendered":"Deska z\u00e1kladn\u00ed -z\u00f3nov\u00e1 centr\u00e1la"},"content":{"rendered":"<p>DIM V 2, nov\u00fd k\u00f3d &#8211; 3.022080<\/p>\n","protected":false},"excerpt":{"rendered":"<p>DIM V 2, nov\u00fd k\u00f3d &#8211; 3.022080<\/p>\n","protected":false},"featured_media":2456,"template":"","meta":[],"product_brand":[],"product_cat":[16],"product_tag":[],"class_list":{"0":"post-2455","1":"product","2":"type-product","3":"status-publish","4":"has-post-thumbnail","6":"product_cat-immergas","7":"product_shipping_class-gl","8":"thunk-woo-product-list","9":"opn-qv-enable","10":"top-store-woo-hover-","11":"top-store-single-product-tab-horizontal","12":"top-store-shadow-","13":"top-store-shadow-hover-","15":"first","16":"onbackorder","17":"taxable","18":"shipping-taxable","19":"purchasable","20":"product-type-simple"},"_links":{"self":[{"href":"https:\/\/www.topnatechnika.com\/index.php?rest_route=\/wp\/v2\/product\/2455","targetHints":{"allow":["GET"]}}],"collection":[{"href":"https:\/\/www.topnatechnika.com\/index.php?rest_route=\/wp\/v2\/product"}],"about":[{"href":"https:\/\/www.topnatechnika.com\/index.php?rest_route=\/wp\/v2\/types\/product"}],"wp:featuredmedia":[{"embeddable":true,"href":"https:\/\/www.topnatechnika.com\/index.php?rest_route=\/wp\/v2\/media\/2456"}],"wp:attachment":[{"href":"https:\/\/www.topnatechnika.com\/index.php?rest_route=%2Fwp%2Fv2%2Fmedia&parent=2455"}],"wp:term":[{"taxonomy":"product_brand","embeddable":true,"href":"https:\/\/www.topnatechnika.com\/index.php?rest_route=%2Fwp%2Fv2%2Fproduct_brand&post=2455"},{"taxonomy":"product_cat","embeddable":true,"href":"https:\/\/www.topnatechnika.com\/index.php?rest_route=%2Fwp%2Fv2%2Fproduct_cat&post=2455"},{"taxonomy":"product_tag","embeddable":true,"href":"https:\/\/www.topnatechnika.com\/index.php?rest_route=%2Fwp%2Fv2%2Fproduct_tag&post=2455"}],"curies":[{"name":"wp","href":"https:\/\/api.w.org\/{rel}","templated":true}]}}