{"id":2473,"date":"2021-10-26T12:30:20","date_gmt":"2021-10-26T11:30:20","guid":{"rendered":"https:\/\/www.topnatechnika.com\/?post_type=product&#038;p=2473"},"modified":"2022-04-21T14:26:45","modified_gmt":"2022-04-21T13:26:45","slug":"elektronicky-pohon-belimo-cm24x-sr","status":"publish","type":"product","link":"https:\/\/www.topnatechnika.com\/?product=elektronicky-pohon-belimo-cm24x-sr","title":{"rendered":"Elektronick\u00fd pohon Belimo Cm24x-sr"},"content":{"rendered":"<p>Jmenovit\u00e9 nap\u011bt\u00ed 24 VAC\/ DC. Jmenovit\u00fd rozsah nap\u011bt\u00ed AC \/ DC 19.2 &#8211; 28.8.<\/p>\n","protected":false},"excerpt":{"rendered":"<p>Jmenovit\u00e9 nap\u011bt\u00ed 24 VAC\/ DC. Jmenovit\u00fd rozsah nap\u011bt\u00ed AC \/ DC 19.2 &#8211; 28.8.<\/p>\n","protected":false},"featured_media":2971,"template":"","meta":[],"product_brand":[],"product_cat":[20],"product_tag":[],"class_list":{"0":"post-2473","1":"product","2":"type-product","3":"status-publish","4":"has-post-thumbnail","6":"product_cat-benekov","7":"product_shipping_class-gl","8":"thunk-woo-product-list","9":"opn-qv-enable","10":"top-store-woo-hover-","11":"top-store-single-product-tab-horizontal","12":"top-store-shadow-","13":"top-store-shadow-hover-","15":"first","16":"instock","17":"taxable","18":"shipping-taxable","19":"purchasable","20":"product-type-simple"},"_links":{"self":[{"href":"https:\/\/www.topnatechnika.com\/index.php?rest_route=\/wp\/v2\/product\/2473","targetHints":{"allow":["GET"]}}],"collection":[{"href":"https:\/\/www.topnatechnika.com\/index.php?rest_route=\/wp\/v2\/product"}],"about":[{"href":"https:\/\/www.topnatechnika.com\/index.php?rest_route=\/wp\/v2\/types\/product"}],"wp:featuredmedia":[{"embeddable":true,"href":"https:\/\/www.topnatechnika.com\/index.php?rest_route=\/wp\/v2\/media\/2971"}],"wp:attachment":[{"href":"https:\/\/www.topnatechnika.com\/index.php?rest_route=%2Fwp%2Fv2%2Fmedia&parent=2473"}],"wp:term":[{"taxonomy":"product_brand","embeddable":true,"href":"https:\/\/www.topnatechnika.com\/index.php?rest_route=%2Fwp%2Fv2%2Fproduct_brand&post=2473"},{"taxonomy":"product_cat","embeddable":true,"href":"https:\/\/www.topnatechnika.com\/index.php?rest_route=%2Fwp%2Fv2%2Fproduct_cat&post=2473"},{"taxonomy":"product_tag","embeddable":true,"href":"https:\/\/www.topnatechnika.com\/index.php?rest_route=%2Fwp%2Fv2%2Fproduct_tag&post=2473"}],"curies":[{"name":"wp","href":"https:\/\/api.w.org\/{rel}","templated":true}]}}