{"id":2520,"date":"2021-11-10T11:43:44","date_gmt":"2021-11-10T10:43:44","guid":{"rendered":"https:\/\/www.topnatechnika.com\/?post_type=product&#038;p=2520"},"modified":"2025-10-12T09:20:38","modified_gmt":"2025-10-12T07:20:38","slug":"benekov-stykac","status":"publish","type":"product","link":"https:\/\/www.topnatechnika.com\/?product=benekov-stykac","title":{"rendered":"Benekov styka\u010d"},"content":{"rendered":"<h4 id=\"product-title\">Siemens 5TT5800 instala\u010dn\u00ed styka\u010d 2 sp\u00ednac\u00ed kontakty 20 A<\/h4>\n<h4>Lze pou\u017e\u00edt pro kotle Viadrus<\/h4>\n<p>Ur\u010deno pro odbornou mont\u00e1\u017e.<\/p>\n","protected":false},"excerpt":{"rendered":"<h4 id=\"product-title\">Siemens 5TT5800 instala\u010dn\u00ed styka\u010d 2 sp\u00ednac\u00ed kontakty 20 A<\/h4>\n<h4>Lze pou\u017e\u00edt pro kotle Viadrus<\/h4>\n","protected":false},"featured_media":2521,"template":"","meta":[],"product_brand":[],"product_cat":[20],"product_tag":[],"class_list":{"0":"post-2520","1":"product","2":"type-product","3":"status-publish","4":"has-post-thumbnail","6":"product_cat-benekov","7":"product_shipping_class-gl","8":"thunk-woo-product-list","9":"opn-qv-enable","10":"top-store-woo-hover-","11":"top-store-single-product-tab-horizontal","12":"top-store-shadow-","13":"top-store-shadow-hover-","15":"first","16":"instock","17":"taxable","18":"shipping-taxable","19":"purchasable","20":"product-type-simple"},"_links":{"self":[{"href":"https:\/\/www.topnatechnika.com\/index.php?rest_route=\/wp\/v2\/product\/2520","targetHints":{"allow":["GET"]}}],"collection":[{"href":"https:\/\/www.topnatechnika.com\/index.php?rest_route=\/wp\/v2\/product"}],"about":[{"href":"https:\/\/www.topnatechnika.com\/index.php?rest_route=\/wp\/v2\/types\/product"}],"wp:featuredmedia":[{"embeddable":true,"href":"https:\/\/www.topnatechnika.com\/index.php?rest_route=\/wp\/v2\/media\/2521"}],"wp:attachment":[{"href":"https:\/\/www.topnatechnika.com\/index.php?rest_route=%2Fwp%2Fv2%2Fmedia&parent=2520"}],"wp:term":[{"taxonomy":"product_brand","embeddable":true,"href":"https:\/\/www.topnatechnika.com\/index.php?rest_route=%2Fwp%2Fv2%2Fproduct_brand&post=2520"},{"taxonomy":"product_cat","embeddable":true,"href":"https:\/\/www.topnatechnika.com\/index.php?rest_route=%2Fwp%2Fv2%2Fproduct_cat&post=2520"},{"taxonomy":"product_tag","embeddable":true,"href":"https:\/\/www.topnatechnika.com\/index.php?rest_route=%2Fwp%2Fv2%2Fproduct_tag&post=2520"}],"curies":[{"name":"wp","href":"https:\/\/api.w.org\/{rel}","templated":true}]}}