{"id":2527,"date":"2021-11-15T09:48:52","date_gmt":"2021-11-15T08:48:52","guid":{"rendered":"https:\/\/www.topnatechnika.com\/?post_type=product&#038;p=2527"},"modified":"2026-02-21T08:57:07","modified_gmt":"2026-02-21T07:57:07","slug":"benekov-set-ecomax-800-r4","status":"publish","type":"product","link":"https:\/\/www.topnatechnika.com\/?product=benekov-set-ecomax-800-r4","title":{"rendered":"Benekov set ecoMAXX 800 R4"},"content":{"rendered":"<p>51227 PLUM ecoMAXX 800 R4 ovl\u00e1dac\u00ed panel<\/p>\n<p>51258 PLUM Modul A do EM800 R4 (PLC)<\/p>\n<p>PLUM ecoMAXX 800 R4 komplet (modul A + display<strong> + kabel<\/strong>)<\/p>\n<p>ecoMAXX 800R je modern\u00ed za\u0159\u00edzen\u00ed, kter\u00e9 \u0159\u00edd\u00ed proces spalov\u00e1n\u00ed<br \/>\nv kotl\u00edch na tuh\u00e1 paliva s retortov\u00fdm ho\u0159\u00e1kem.<br \/>\nRegul\u00e1tor vynik\u00e1 v\u0161estrann\u00fdm a modern\u00edm designem a<br \/>\nu\u017eivatelsky p\u0159\u00edv\u011btiv\u00fdm rozhran\u00edm (signalizace parametr\u016f<br \/>\nprost\u0159ednictv\u00edm ikon na grafick\u00e9m displeji).<br \/>\nD\u00edky inovativn\u00edmu \u0159\u00eddic\u00edmu algoritmu s ekvitermn\u00ed regulac\u00ed,<br \/>\n\u0159\u00edd\u00ed topn\u00fd syst\u00e9m UT, trojcestn\u00fd, nebo \u010dty\u0159cestn\u00fd sm\u011b\u0161ovac\u00ed<br \/>\nventil a p\u0159\u00edpravu TUV.<\/p>\n<p>Ur\u010deno pro odbornou mont\u00e1\u017e.<\/p>\n","protected":false},"excerpt":{"rendered":"<p>51227 PLUM ecoMAXX 800 R4 ovl\u00e1dac\u00ed panel<\/p>\n<p>51258 PLUM Modul A do EM800 R4 (PLC)<\/p>\n<p>PLUM ecoMAXX 800 R4 komplet (modul A + display<strong> + kabel)<\/strong><\/p>\n","protected":false},"featured_media":2528,"template":"","meta":[],"product_brand":[],"product_cat":[20],"product_tag":[],"class_list":{"0":"post-2527","1":"product","2":"type-product","3":"status-publish","4":"has-post-thumbnail","6":"product_cat-benekov","7":"product_shipping_class-gl","8":"thunk-woo-product-list","9":"opn-qv-enable","10":"top-store-woo-hover-","11":"top-store-single-product-tab-horizontal","12":"top-store-shadow-","13":"top-store-shadow-hover-","15":"first","16":"instock","17":"taxable","18":"shipping-taxable","19":"purchasable","20":"product-type-simple"},"_links":{"self":[{"href":"https:\/\/www.topnatechnika.com\/index.php?rest_route=\/wp\/v2\/product\/2527","targetHints":{"allow":["GET"]}}],"collection":[{"href":"https:\/\/www.topnatechnika.com\/index.php?rest_route=\/wp\/v2\/product"}],"about":[{"href":"https:\/\/www.topnatechnika.com\/index.php?rest_route=\/wp\/v2\/types\/product"}],"wp:featuredmedia":[{"embeddable":true,"href":"https:\/\/www.topnatechnika.com\/index.php?rest_route=\/wp\/v2\/media\/2528"}],"wp:attachment":[{"href":"https:\/\/www.topnatechnika.com\/index.php?rest_route=%2Fwp%2Fv2%2Fmedia&parent=2527"}],"wp:term":[{"taxonomy":"product_brand","embeddable":true,"href":"https:\/\/www.topnatechnika.com\/index.php?rest_route=%2Fwp%2Fv2%2Fproduct_brand&post=2527"},{"taxonomy":"product_cat","embeddable":true,"href":"https:\/\/www.topnatechnika.com\/index.php?rest_route=%2Fwp%2Fv2%2Fproduct_cat&post=2527"},{"taxonomy":"product_tag","embeddable":true,"href":"https:\/\/www.topnatechnika.com\/index.php?rest_route=%2Fwp%2Fv2%2Fproduct_tag&post=2527"}],"curies":[{"name":"wp","href":"https:\/\/api.w.org\/{rel}","templated":true}]}}