{"id":2539,"date":"2021-11-20T10:28:22","date_gmt":"2021-11-20T09:28:22","guid":{"rendered":"https:\/\/www.topnatechnika.com\/?post_type=product&#038;p=2539"},"modified":"2023-01-31T14:19:16","modified_gmt":"2023-01-31T13:19:16","slug":"benekov-em-cidlo-ct4-1m","status":"publish","type":"product","link":"https:\/\/www.topnatechnika.com\/?product=benekov-em-cidlo-ct4-1m","title":{"rendered":"Benekov \u010didlo KTY 81 CT4 (1m)"},"content":{"rendered":"<p>\u010cidlo KTY 81 se pou\u017e\u00edv\u00e1 pro m\u011b\u0159en\u00ed teploty vody v jednotk\u00e1ch Plum, pro kotle na tuh\u00e1 paliva.<br \/>\nJe ur\u010deno pro m\u011b\u0159en\u00ed teploty 0 a\u017e + 100\u00b0C<\/p>\n","protected":false},"excerpt":{"rendered":"<p>\u010cidlo KTY 81 se pou\u017e\u00edv\u00e1 pro m\u011b\u0159en\u00ed teploty vody v jednotk\u00e1ch Plum, pro kotle na tuh\u00e1 paliva.<br \/>\nJe ur\u010deno pro m\u011b\u0159en\u00ed teploty 0 a\u017e + 100\u00b0C<\/p>\n","protected":false},"featured_media":2808,"template":"","meta":[],"product_brand":[],"product_cat":[20],"product_tag":[],"class_list":{"0":"post-2539","1":"product","2":"type-product","3":"status-publish","4":"has-post-thumbnail","6":"product_cat-benekov","7":"product_shipping_class-gl","8":"thunk-woo-product-list","9":"opn-qv-enable","10":"top-store-woo-hover-","11":"top-store-single-product-tab-horizontal","12":"top-store-shadow-","13":"top-store-shadow-hover-","15":"first","16":"instock","17":"taxable","18":"shipping-taxable","19":"purchasable","20":"product-type-simple"},"_links":{"self":[{"href":"https:\/\/www.topnatechnika.com\/index.php?rest_route=\/wp\/v2\/product\/2539","targetHints":{"allow":["GET"]}}],"collection":[{"href":"https:\/\/www.topnatechnika.com\/index.php?rest_route=\/wp\/v2\/product"}],"about":[{"href":"https:\/\/www.topnatechnika.com\/index.php?rest_route=\/wp\/v2\/types\/product"}],"wp:featuredmedia":[{"embeddable":true,"href":"https:\/\/www.topnatechnika.com\/index.php?rest_route=\/wp\/v2\/media\/2808"}],"wp:attachment":[{"href":"https:\/\/www.topnatechnika.com\/index.php?rest_route=%2Fwp%2Fv2%2Fmedia&parent=2539"}],"wp:term":[{"taxonomy":"product_brand","embeddable":true,"href":"https:\/\/www.topnatechnika.com\/index.php?rest_route=%2Fwp%2Fv2%2Fproduct_brand&post=2539"},{"taxonomy":"product_cat","embeddable":true,"href":"https:\/\/www.topnatechnika.com\/index.php?rest_route=%2Fwp%2Fv2%2Fproduct_cat&post=2539"},{"taxonomy":"product_tag","embeddable":true,"href":"https:\/\/www.topnatechnika.com\/index.php?rest_route=%2Fwp%2Fv2%2Fproduct_tag&post=2539"}],"curies":[{"name":"wp","href":"https:\/\/api.w.org\/{rel}","templated":true}]}}