{"id":258,"date":"2021-03-12T00:08:26","date_gmt":"2021-03-11T23:08:26","guid":{"rendered":"http:\/\/www.topnatechnika.com\/?product=pojistny-ventil-topeni-3-bar-5"},"modified":"2021-10-24T09:19:12","modified_gmt":"2021-10-24T08:19:12","slug":"pojistny-ventil-topeni-3-bar-5","status":"publish","type":"product","link":"https:\/\/www.topnatechnika.com\/?product=pojistny-ventil-topeni-3-bar-5","title":{"rendered":"Pojistn\u00fd ventil"},"content":{"rendered":"<p>Pojistn\u00fd ventil &#8211; topen\u00ed &#8211; 3 bar<\/p>\n","protected":false},"excerpt":{"rendered":"<p>NIKE\/EOLO STANDARD<br \/>\nAVIO\/ZEUS MAIOR<br \/>\nZEUS SUPERIOR<\/p>\n","protected":false},"featured_media":1978,"template":"","meta":[],"product_brand":[],"product_cat":[16],"product_tag":[],"class_list":{"0":"post-258","1":"product","2":"type-product","3":"status-publish","4":"has-post-thumbnail","6":"product_cat-immergas","7":"product_shipping_class-gl","8":"thunk-woo-product-list","9":"opn-qv-enable","10":"top-store-woo-hover-","11":"top-store-single-product-tab-horizontal","12":"top-store-shadow-","13":"top-store-shadow-hover-","15":"first","16":"instock","17":"taxable","18":"shipping-taxable","19":"purchasable","20":"product-type-simple"},"_links":{"self":[{"href":"https:\/\/www.topnatechnika.com\/index.php?rest_route=\/wp\/v2\/product\/258","targetHints":{"allow":["GET"]}}],"collection":[{"href":"https:\/\/www.topnatechnika.com\/index.php?rest_route=\/wp\/v2\/product"}],"about":[{"href":"https:\/\/www.topnatechnika.com\/index.php?rest_route=\/wp\/v2\/types\/product"}],"wp:featuredmedia":[{"embeddable":true,"href":"https:\/\/www.topnatechnika.com\/index.php?rest_route=\/wp\/v2\/media\/1978"}],"wp:attachment":[{"href":"https:\/\/www.topnatechnika.com\/index.php?rest_route=%2Fwp%2Fv2%2Fmedia&parent=258"}],"wp:term":[{"taxonomy":"product_brand","embeddable":true,"href":"https:\/\/www.topnatechnika.com\/index.php?rest_route=%2Fwp%2Fv2%2Fproduct_brand&post=258"},{"taxonomy":"product_cat","embeddable":true,"href":"https:\/\/www.topnatechnika.com\/index.php?rest_route=%2Fwp%2Fv2%2Fproduct_cat&post=258"},{"taxonomy":"product_tag","embeddable":true,"href":"https:\/\/www.topnatechnika.com\/index.php?rest_route=%2Fwp%2Fv2%2Fproduct_tag&post=258"}],"curies":[{"name":"wp","href":"https:\/\/api.w.org\/{rel}","templated":true}]}}