{"id":2591,"date":"2021-12-18T09:56:42","date_gmt":"2021-12-18T08:56:42","guid":{"rendered":"https:\/\/www.topnatechnika.com\/?post_type=product&#038;p=2591"},"modified":"2025-10-19T13:12:04","modified_gmt":"2025-10-19T11:12:04","slug":"benekov-ecomaxx-800-r3","status":"publish","type":"product","link":"https:\/\/www.topnatechnika.com\/?product=benekov-ecomaxx-800-r3","title":{"rendered":"Benekov ecoMAXX 800 R3"},"content":{"rendered":"<p>PLUM Modul A do EM800 R3 (PLC)<\/p>\n<p>Program v.01.10.12.Z1. Lze dodat program dle p\u016fvodn\u00ed desky.<\/p>\n<p>Ilustra\u010dn\u00ed obr\u00e1zek, prodej jen PLC. Vybaven\u00e1 sk\u0159\u00ed\u0148 nen\u00ed sou\u010d\u00e1st\u00ed prodeje.<\/p>\n<p>Ur\u010deno pro odbornou mont\u00e1\u017e.<\/p>\n","protected":false},"excerpt":{"rendered":"<p>PLUM Modul A do EM800 R3 (PLC)<\/p>\n<p>Program v.01.10.12.Z1. Lze dodat program dle p\u016fvodn\u00ed desky.<\/p>\n<p>Ilustra\u010dn\u00ed obr\u00e1zek, prodej jen PLC. Vybaven\u00e1 sk\u0159\u00ed\u0148 nen\u00ed sou\u010d\u00e1st\u00ed prodeje.<\/p>\n","protected":false},"featured_media":2595,"template":"","meta":[],"product_brand":[],"product_cat":[20],"product_tag":[],"class_list":{"0":"post-2591","1":"product","2":"type-product","3":"status-publish","4":"has-post-thumbnail","6":"product_cat-benekov","7":"product_shipping_class-gl","8":"thunk-woo-product-list","9":"opn-qv-enable","10":"top-store-woo-hover-","11":"top-store-single-product-tab-horizontal","12":"top-store-shadow-","13":"top-store-shadow-hover-","15":"first","16":"instock","17":"taxable","18":"shipping-taxable","19":"purchasable","20":"product-type-simple"},"_links":{"self":[{"href":"https:\/\/www.topnatechnika.com\/index.php?rest_route=\/wp\/v2\/product\/2591","targetHints":{"allow":["GET"]}}],"collection":[{"href":"https:\/\/www.topnatechnika.com\/index.php?rest_route=\/wp\/v2\/product"}],"about":[{"href":"https:\/\/www.topnatechnika.com\/index.php?rest_route=\/wp\/v2\/types\/product"}],"wp:featuredmedia":[{"embeddable":true,"href":"https:\/\/www.topnatechnika.com\/index.php?rest_route=\/wp\/v2\/media\/2595"}],"wp:attachment":[{"href":"https:\/\/www.topnatechnika.com\/index.php?rest_route=%2Fwp%2Fv2%2Fmedia&parent=2591"}],"wp:term":[{"taxonomy":"product_brand","embeddable":true,"href":"https:\/\/www.topnatechnika.com\/index.php?rest_route=%2Fwp%2Fv2%2Fproduct_brand&post=2591"},{"taxonomy":"product_cat","embeddable":true,"href":"https:\/\/www.topnatechnika.com\/index.php?rest_route=%2Fwp%2Fv2%2Fproduct_cat&post=2591"},{"taxonomy":"product_tag","embeddable":true,"href":"https:\/\/www.topnatechnika.com\/index.php?rest_route=%2Fwp%2Fv2%2Fproduct_tag&post=2591"}],"curies":[{"name":"wp","href":"https:\/\/api.w.org\/{rel}","templated":true}]}}