{"id":2599,"date":"2021-12-21T12:01:50","date_gmt":"2021-12-21T11:01:50","guid":{"rendered":"https:\/\/www.topnatechnika.com\/?post_type=product&#038;p=2599"},"modified":"2023-02-15T10:32:14","modified_gmt":"2023-02-15T09:32:14","slug":"benekov-snimac-teploty-t4-pro-ovv","status":"publish","type":"product","link":"https:\/\/www.topnatechnika.com\/?product=benekov-snimac-teploty-t4-pro-ovv","title":{"rendered":"Benekov \u010didlo teploty spalin T4 pro OVV (PT1000)"},"content":{"rendered":"<p>Tyto kabelov\u00e9 sn\u00edma\u010de teploty jsou konstruov\u00e1ny pro m\u011b\u0159en\u00ed teploty plynn\u00fdch, p\u0159\u00edpadn\u011b pevn\u00fdch l\u00e1tek. Teplotn\u00ed rozsah pou\u017eit\u00ed sn\u00edma\u010de je 0 a\u017e 350 \u00b0C, kr\u00e1tkodob\u011b 450 \u00b0C pro aktivn\u00ed \u010d\u00e1st pouzdra sn\u00edma\u010de. Jako p\u0159\u00edvodn\u00ed kabel je pou\u017e\u00edv\u00e1n typ se silikonovou izolac\u00ed, teplota v okol\u00ed kabelu nesm\u00ed b\u00fdt vy\u0161\u0161\u00ed ne\u017e 200 \u00b0C. Sn\u00edma\u010de jsou prim\u00e1rn\u011b konstruov\u00e1ny pro m\u011b\u0159en\u00ed teploty kou\u0159ov\u00fdch plyn\u016f a spalin .<\/p>\n<p>&nbsp;<\/p>\n","protected":false},"excerpt":{"rendered":"<p>Tyto kabelov\u00e9 sn\u00edma\u010de teploty jsou konstruov\u00e1ny pro m\u011b\u0159en\u00ed teploty plynn\u00fdch, p\u0159\u00edpadn\u011b pevn\u00fdch l\u00e1tek. Teplotn\u00ed rozsah pou\u017eit\u00ed sn\u00edma\u010de je 0 a\u017e 350 \u00b0C, kr\u00e1tkodob\u011b 450 \u00b0C pro aktivn\u00ed \u010d\u00e1st pouzdra sn\u00edma\u010de. Jako p\u0159\u00edvodn\u00ed kabel je pou\u017e\u00edv\u00e1n typ se silikonovou izolac\u00ed, teplota v okol\u00ed kabelu nesm\u00ed b\u00fdt vy\u0161\u0161\u00ed ne\u017e 200 \u00b0C. Sn\u00edma\u010de jsou prim\u00e1rn\u011b konstruov\u00e1ny pro m\u011b\u0159en\u00ed &hellip;<\/p>\n<p class=\"read-more\"> <a class=\" thunk-readmore button \" href=\"https:\/\/www.topnatechnika.com\/?product=benekov-snimac-teploty-t4-pro-ovv\"> <span class=\"screen-reader-text\">Benekov \u010didlo teploty spalin T4 pro OVV (PT1000)<\/span>V\u00edce<\/a><\/p>\n","protected":false},"featured_media":2600,"template":"","meta":[],"product_brand":[],"product_cat":[20],"product_tag":[],"class_list":{"0":"post-2599","1":"product","2":"type-product","3":"status-publish","4":"has-post-thumbnail","6":"product_cat-benekov","7":"product_shipping_class-gl","8":"thunk-woo-product-list","9":"opn-qv-enable","10":"top-store-woo-hover-","11":"top-store-single-product-tab-horizontal","12":"top-store-shadow-","13":"top-store-shadow-hover-","15":"first","16":"instock","17":"taxable","18":"shipping-taxable","19":"purchasable","20":"product-type-simple"},"_links":{"self":[{"href":"https:\/\/www.topnatechnika.com\/index.php?rest_route=\/wp\/v2\/product\/2599","targetHints":{"allow":["GET"]}}],"collection":[{"href":"https:\/\/www.topnatechnika.com\/index.php?rest_route=\/wp\/v2\/product"}],"about":[{"href":"https:\/\/www.topnatechnika.com\/index.php?rest_route=\/wp\/v2\/types\/product"}],"wp:featuredmedia":[{"embeddable":true,"href":"https:\/\/www.topnatechnika.com\/index.php?rest_route=\/wp\/v2\/media\/2600"}],"wp:attachment":[{"href":"https:\/\/www.topnatechnika.com\/index.php?rest_route=%2Fwp%2Fv2%2Fmedia&parent=2599"}],"wp:term":[{"taxonomy":"product_brand","embeddable":true,"href":"https:\/\/www.topnatechnika.com\/index.php?rest_route=%2Fwp%2Fv2%2Fproduct_brand&post=2599"},{"taxonomy":"product_cat","embeddable":true,"href":"https:\/\/www.topnatechnika.com\/index.php?rest_route=%2Fwp%2Fv2%2Fproduct_cat&post=2599"},{"taxonomy":"product_tag","embeddable":true,"href":"https:\/\/www.topnatechnika.com\/index.php?rest_route=%2Fwp%2Fv2%2Fproduct_tag&post=2599"}],"curies":[{"name":"wp","href":"https:\/\/api.w.org\/{rel}","templated":true}]}}