{"id":2609,"date":"2021-12-27T14:46:57","date_gmt":"2021-12-27T13:46:57","guid":{"rendered":"https:\/\/www.topnatechnika.com\/?post_type=product&#038;p=2609"},"modified":"2025-01-15T09:39:09","modified_gmt":"2025-01-15T08:39:09","slug":"benekov-ventilator-radialni","status":"publish","type":"product","link":"https:\/\/www.topnatechnika.com\/?product=benekov-ventilator-radialni","title":{"rendered":"Benekov ventil\u00e1tor Ling 50"},"content":{"rendered":"<p>Z\u00e1m\u011bna ventil\u00e1toru pro kotel Ling 50.<\/p>\n<p>Rychlost ot\u00e1\u010den\u00ed:\u00a02500\u00a0ot \/ min<\/p>\n<p>Nap\u011bt\u00ed:\u00a0230\u00a0V \/ 50 Hz<\/p>\n<p>Spot\u0159eba elektrick\u00e9 energie: 75\/83 W<\/p>\n<p>Kompresn\u00ed\u00a0maximum:\u00a0360\u00a0Pa<\/p>\n<p>Maxim\u00e1ln\u00ed\u00a0kapacita:\u00a0255\u00a0m3 \/ h<\/p>\n<p>Ur\u010deno pro odbornou mont\u00e1\u017e.<\/p>\n<p>&nbsp;<\/p>\n","protected":false},"excerpt":{"rendered":"<p>Z\u00e1m\u011bna ventil\u00e1toru pro kotel Ling 50.<\/p>\n<p>&nbsp;<\/p>\n","protected":false},"featured_media":2366,"template":"","meta":[],"product_brand":[],"product_cat":[20],"product_tag":[],"class_list":{"0":"post-2609","1":"product","2":"type-product","3":"status-publish","4":"has-post-thumbnail","6":"product_cat-benekov","7":"product_shipping_class-gl","8":"thunk-woo-product-list","9":"opn-qv-enable","10":"top-store-woo-hover-","11":"top-store-single-product-tab-horizontal","12":"top-store-shadow-","13":"top-store-shadow-hover-","15":"first","16":"instock","17":"taxable","18":"shipping-taxable","19":"purchasable","20":"product-type-simple"},"_links":{"self":[{"href":"https:\/\/www.topnatechnika.com\/index.php?rest_route=\/wp\/v2\/product\/2609","targetHints":{"allow":["GET"]}}],"collection":[{"href":"https:\/\/www.topnatechnika.com\/index.php?rest_route=\/wp\/v2\/product"}],"about":[{"href":"https:\/\/www.topnatechnika.com\/index.php?rest_route=\/wp\/v2\/types\/product"}],"wp:featuredmedia":[{"embeddable":true,"href":"https:\/\/www.topnatechnika.com\/index.php?rest_route=\/wp\/v2\/media\/2366"}],"wp:attachment":[{"href":"https:\/\/www.topnatechnika.com\/index.php?rest_route=%2Fwp%2Fv2%2Fmedia&parent=2609"}],"wp:term":[{"taxonomy":"product_brand","embeddable":true,"href":"https:\/\/www.topnatechnika.com\/index.php?rest_route=%2Fwp%2Fv2%2Fproduct_brand&post=2609"},{"taxonomy":"product_cat","embeddable":true,"href":"https:\/\/www.topnatechnika.com\/index.php?rest_route=%2Fwp%2Fv2%2Fproduct_cat&post=2609"},{"taxonomy":"product_tag","embeddable":true,"href":"https:\/\/www.topnatechnika.com\/index.php?rest_route=%2Fwp%2Fv2%2Fproduct_tag&post=2609"}],"curies":[{"name":"wp","href":"https:\/\/api.w.org\/{rel}","templated":true}]}}