{"id":2636,"date":"2022-01-17T10:32:13","date_gmt":"2022-01-17T09:32:13","guid":{"rendered":"https:\/\/www.topnatechnika.com\/?post_type=product&#038;p=2636"},"modified":"2026-01-08T10:39:25","modified_gmt":"2026-01-08T09:39:25","slug":"benekov-snekova-hridel-c50-51","status":"publish","type":"product","link":"https:\/\/www.topnatechnika.com\/?product=benekov-snekova-hridel-c50-51","title":{"rendered":"Benekov \u0161nekov\u00e1 h\u0159\u00eddel C50-51-57"},"content":{"rendered":"<p>Pro ho\u0159\u00e1k litina\u00a0 C50-C51-C57<\/p>\n<p>Celkov\u00e1 d\u00e9lka h\u0159\u00eddele je 985,5 mm.<\/p>\n<p id=\"firstHeading\" class=\"firstHeading\" lang=\"cs\">Ilustra\u010dn\u00ed obr\u00e1zek<\/p>\n","protected":false},"excerpt":{"rendered":"<p>Pro ho\u0159\u00e1k litina. \u0160nekov\u00e1 h\u0159\u00eddel C50-C51-C57<\/p>\n<p>Celkov\u00e1 d\u00e9lka h\u0159\u00eddele je 985,5 mm.<\/p>\n","protected":false},"featured_media":1551,"template":"","meta":[],"product_brand":[],"product_cat":[20],"product_tag":[],"class_list":{"0":"post-2636","1":"product","2":"type-product","3":"status-publish","4":"has-post-thumbnail","6":"product_cat-benekov","7":"product_shipping_class-toptrans-cr","8":"thunk-woo-product-list","9":"opn-qv-enable","10":"top-store-woo-hover-","11":"top-store-single-product-tab-horizontal","12":"top-store-shadow-","13":"top-store-shadow-hover-","15":"first","16":"instock","17":"taxable","18":"shipping-taxable","19":"purchasable","20":"product-type-simple"},"_links":{"self":[{"href":"https:\/\/www.topnatechnika.com\/index.php?rest_route=\/wp\/v2\/product\/2636","targetHints":{"allow":["GET"]}}],"collection":[{"href":"https:\/\/www.topnatechnika.com\/index.php?rest_route=\/wp\/v2\/product"}],"about":[{"href":"https:\/\/www.topnatechnika.com\/index.php?rest_route=\/wp\/v2\/types\/product"}],"wp:featuredmedia":[{"embeddable":true,"href":"https:\/\/www.topnatechnika.com\/index.php?rest_route=\/wp\/v2\/media\/1551"}],"wp:attachment":[{"href":"https:\/\/www.topnatechnika.com\/index.php?rest_route=%2Fwp%2Fv2%2Fmedia&parent=2636"}],"wp:term":[{"taxonomy":"product_brand","embeddable":true,"href":"https:\/\/www.topnatechnika.com\/index.php?rest_route=%2Fwp%2Fv2%2Fproduct_brand&post=2636"},{"taxonomy":"product_cat","embeddable":true,"href":"https:\/\/www.topnatechnika.com\/index.php?rest_route=%2Fwp%2Fv2%2Fproduct_cat&post=2636"},{"taxonomy":"product_tag","embeddable":true,"href":"https:\/\/www.topnatechnika.com\/index.php?rest_route=%2Fwp%2Fv2%2Fproduct_tag&post=2636"}],"curies":[{"name":"wp","href":"https:\/\/api.w.org\/{rel}","templated":true}]}}