{"id":2640,"date":"2022-01-17T11:03:20","date_gmt":"2022-01-17T10:03:20","guid":{"rendered":"https:\/\/www.topnatechnika.com\/?post_type=product&#038;p=2640"},"modified":"2024-03-22T08:16:24","modified_gmt":"2024-03-22T07:16:24","slug":"benekov-snekova-hridel-c50-51-2","status":"publish","type":"product","link":"https:\/\/www.topnatechnika.com\/?product=benekov-snekova-hridel-c50-51-2","title":{"rendered":"Benekov \u0161nekov\u00e1 h\u0159\u00eddel C50-51"},"content":{"rendered":"<p>\u0160nekov\u00e1 h\u0159\u00eddel<\/p>\n<p>Ho\u0159\u00e1k \u017e\u00e1ruvzdor pro C50-C51<\/p>\n","protected":false},"excerpt":{"rendered":"<p>\u0160nekov\u00e1 h\u0159\u00eddel<\/p>\n<p>Ho\u0159\u00e1k \u017e\u00e1ruvzdor pro C50-C51<\/p>\n","protected":false},"featured_media":2637,"template":"","meta":[],"product_brand":[],"product_cat":[20],"product_tag":[],"class_list":{"0":"post-2640","1":"product","2":"type-product","3":"status-publish","4":"has-post-thumbnail","6":"product_cat-benekov","7":"product_shipping_class-toptrans-cr","8":"thunk-woo-product-list","9":"opn-qv-enable","10":"top-store-woo-hover-","11":"top-store-single-product-tab-horizontal","12":"top-store-shadow-","13":"top-store-shadow-hover-","15":"first","16":"instock","17":"taxable","18":"shipping-taxable","19":"purchasable","20":"product-type-simple"},"_links":{"self":[{"href":"https:\/\/www.topnatechnika.com\/index.php?rest_route=\/wp\/v2\/product\/2640","targetHints":{"allow":["GET"]}}],"collection":[{"href":"https:\/\/www.topnatechnika.com\/index.php?rest_route=\/wp\/v2\/product"}],"about":[{"href":"https:\/\/www.topnatechnika.com\/index.php?rest_route=\/wp\/v2\/types\/product"}],"wp:featuredmedia":[{"embeddable":true,"href":"https:\/\/www.topnatechnika.com\/index.php?rest_route=\/wp\/v2\/media\/2637"}],"wp:attachment":[{"href":"https:\/\/www.topnatechnika.com\/index.php?rest_route=%2Fwp%2Fv2%2Fmedia&parent=2640"}],"wp:term":[{"taxonomy":"product_brand","embeddable":true,"href":"https:\/\/www.topnatechnika.com\/index.php?rest_route=%2Fwp%2Fv2%2Fproduct_brand&post=2640"},{"taxonomy":"product_cat","embeddable":true,"href":"https:\/\/www.topnatechnika.com\/index.php?rest_route=%2Fwp%2Fv2%2Fproduct_cat&post=2640"},{"taxonomy":"product_tag","embeddable":true,"href":"https:\/\/www.topnatechnika.com\/index.php?rest_route=%2Fwp%2Fv2%2Fproduct_tag&post=2640"}],"curies":[{"name":"wp","href":"https:\/\/api.w.org\/{rel}","templated":true}]}}