{"id":2645,"date":"2022-01-17T11:32:28","date_gmt":"2022-01-17T10:32:28","guid":{"rendered":"https:\/\/www.topnatechnika.com\/?post_type=product&#038;p=2645"},"modified":"2025-09-12T13:35:37","modified_gmt":"2025-09-12T11:35:37","slug":"benekov-zlab-podavani","status":"publish","type":"product","link":"https:\/\/www.topnatechnika.com\/?product=benekov-zlab-podavani","title":{"rendered":"Benekov \u017elab pod\u00e1v\u00e1n\u00ed prav\u00fd"},"content":{"rendered":"<p>\u017dlab pod\u00e1v\u00e1n\u00ed prav\u00fd C 15, C25, R25<\/p>\n<p>Sou\u010d\u00e1st\u00ed \u017elabu kompletn\u00ed izolace, 1118299302,1118299301,1308213808.<\/p>\n<p>&nbsp;<\/p>\n","protected":false},"excerpt":{"rendered":"<p>\u017dlab pod\u00e1v\u00e1n\u00ed prav\u00fd C 15, C25, R25<\/p>\n<p>Sou\u010d\u00e1st\u00ed \u017elabu kompletn\u00ed izolace, 1118299302,1118299301,1308213808.<\/p>\n","protected":false},"featured_media":2647,"template":"","meta":[],"product_brand":[],"product_cat":[20],"product_tag":[],"class_list":{"0":"post-2645","1":"product","2":"type-product","3":"status-publish","4":"has-post-thumbnail","6":"product_cat-benekov","7":"product_shipping_class-toptrans-cr-palety","8":"thunk-woo-product-list","9":"opn-qv-enable","10":"top-store-woo-hover-","11":"top-store-single-product-tab-horizontal","12":"top-store-shadow-","13":"top-store-shadow-hover-","15":"first","16":"onbackorder","17":"taxable","18":"shipping-taxable","19":"purchasable","20":"product-type-simple"},"_links":{"self":[{"href":"https:\/\/www.topnatechnika.com\/index.php?rest_route=\/wp\/v2\/product\/2645","targetHints":{"allow":["GET"]}}],"collection":[{"href":"https:\/\/www.topnatechnika.com\/index.php?rest_route=\/wp\/v2\/product"}],"about":[{"href":"https:\/\/www.topnatechnika.com\/index.php?rest_route=\/wp\/v2\/types\/product"}],"wp:featuredmedia":[{"embeddable":true,"href":"https:\/\/www.topnatechnika.com\/index.php?rest_route=\/wp\/v2\/media\/2647"}],"wp:attachment":[{"href":"https:\/\/www.topnatechnika.com\/index.php?rest_route=%2Fwp%2Fv2%2Fmedia&parent=2645"}],"wp:term":[{"taxonomy":"product_brand","embeddable":true,"href":"https:\/\/www.topnatechnika.com\/index.php?rest_route=%2Fwp%2Fv2%2Fproduct_brand&post=2645"},{"taxonomy":"product_cat","embeddable":true,"href":"https:\/\/www.topnatechnika.com\/index.php?rest_route=%2Fwp%2Fv2%2Fproduct_cat&post=2645"},{"taxonomy":"product_tag","embeddable":true,"href":"https:\/\/www.topnatechnika.com\/index.php?rest_route=%2Fwp%2Fv2%2Fproduct_tag&post=2645"}],"curies":[{"name":"wp","href":"https:\/\/api.w.org\/{rel}","templated":true}]}}