{"id":2695,"date":"2022-01-29T14:43:43","date_gmt":"2022-01-29T13:43:43","guid":{"rendered":"https:\/\/www.topnatechnika.com\/?post_type=product&#038;p=2695"},"modified":"2025-02-04T10:12:02","modified_gmt":"2025-02-04T09:12:02","slug":"benekov-zlab-podavani-c15-levy","status":"publish","type":"product","link":"https:\/\/www.topnatechnika.com\/?product=benekov-zlab-podavani-c15-levy","title":{"rendered":"Benekov \u017elab pod\u00e1v\u00e1n\u00ed C15 lev\u00fd"},"content":{"rendered":"<p>\u017dlab pod\u00e1v\u00e1n\u00ed C15 &#8211; lev\u00fd,<\/p>\n<p>Sou\u010d\u00e1st\u00ed \u017elabu kompletn\u00ed izolace, 1118299302,1118299301.1308213808.<\/p>\n<p>Ilustra\u010dn\u00ed obr\u00e1zek<\/p>\n<h3 class=\"c12666 _896b29\"><\/h3>\n<p>&nbsp;<\/p>\n","protected":false},"excerpt":{"rendered":"<p>\u017dlab pod\u00e1v\u00e1n\u00ed C15 &#8211; lev\u00fd<\/p>\n<p>Ilustra\u010dn\u00ed obr\u00e1zek<\/p>\n<h3 class=\"c12666 _896b29\"><\/h3>\n","protected":false},"featured_media":2753,"template":"","meta":[],"product_brand":[],"product_cat":[20],"product_tag":[],"class_list":{"0":"post-2695","1":"product","2":"type-product","3":"status-publish","4":"has-post-thumbnail","6":"product_cat-benekov","7":"product_shipping_class-toptrans-cr","8":"thunk-woo-product-list","9":"opn-qv-enable","10":"top-store-woo-hover-","11":"top-store-single-product-tab-horizontal","12":"top-store-shadow-","13":"top-store-shadow-hover-","15":"first","16":"onbackorder","17":"taxable","18":"shipping-taxable","19":"purchasable","20":"product-type-simple"},"_links":{"self":[{"href":"https:\/\/www.topnatechnika.com\/index.php?rest_route=\/wp\/v2\/product\/2695","targetHints":{"allow":["GET"]}}],"collection":[{"href":"https:\/\/www.topnatechnika.com\/index.php?rest_route=\/wp\/v2\/product"}],"about":[{"href":"https:\/\/www.topnatechnika.com\/index.php?rest_route=\/wp\/v2\/types\/product"}],"wp:featuredmedia":[{"embeddable":true,"href":"https:\/\/www.topnatechnika.com\/index.php?rest_route=\/wp\/v2\/media\/2753"}],"wp:attachment":[{"href":"https:\/\/www.topnatechnika.com\/index.php?rest_route=%2Fwp%2Fv2%2Fmedia&parent=2695"}],"wp:term":[{"taxonomy":"product_brand","embeddable":true,"href":"https:\/\/www.topnatechnika.com\/index.php?rest_route=%2Fwp%2Fv2%2Fproduct_brand&post=2695"},{"taxonomy":"product_cat","embeddable":true,"href":"https:\/\/www.topnatechnika.com\/index.php?rest_route=%2Fwp%2Fv2%2Fproduct_cat&post=2695"},{"taxonomy":"product_tag","embeddable":true,"href":"https:\/\/www.topnatechnika.com\/index.php?rest_route=%2Fwp%2Fv2%2Fproduct_tag&post=2695"}],"curies":[{"name":"wp","href":"https:\/\/api.w.org\/{rel}","templated":true}]}}