{"id":2716,"date":"2022-02-02T08:43:47","date_gmt":"2022-02-02T07:43:47","guid":{"rendered":"https:\/\/www.topnatechnika.com\/?post_type=product&#038;p=2716"},"modified":"2022-02-02T11:08:33","modified_gmt":"2022-02-02T10:08:33","slug":"benekov-tesnici-snura-smesovace-b14","status":"publish","type":"product","link":"https:\/\/www.topnatechnika.com\/?product=benekov-tesnici-snura-smesovace-b14","title":{"rendered":"Benekov t\u011bsn\u00edc\u00ed \u0161\u0148\u016fra sm\u011b\u0161ova\u010de B14"},"content":{"rendered":"<p>T\u011bsn\u00edc\u00ed \u0161\u0148\u016fra sm\u011b\u0161ova\u010de B14.<\/p>\n","protected":false},"excerpt":{"rendered":"<p>T\u011bsn\u00edc\u00ed \u0161\u0148\u016fra sm\u011b\u0161ova\u010de B14.<\/p>\n","protected":false},"featured_media":2726,"template":"","meta":[],"product_brand":[],"product_cat":[20],"product_tag":[],"class_list":{"0":"post-2716","1":"product","2":"type-product","3":"status-publish","4":"has-post-thumbnail","6":"product_cat-benekov","7":"product_shipping_class-gl","8":"thunk-woo-product-list","9":"opn-qv-enable","10":"top-store-woo-hover-","11":"top-store-single-product-tab-horizontal","12":"top-store-shadow-","13":"top-store-shadow-hover-","15":"first","16":"onbackorder","17":"taxable","18":"shipping-taxable","19":"purchasable","20":"product-type-simple"},"_links":{"self":[{"href":"https:\/\/www.topnatechnika.com\/index.php?rest_route=\/wp\/v2\/product\/2716","targetHints":{"allow":["GET"]}}],"collection":[{"href":"https:\/\/www.topnatechnika.com\/index.php?rest_route=\/wp\/v2\/product"}],"about":[{"href":"https:\/\/www.topnatechnika.com\/index.php?rest_route=\/wp\/v2\/types\/product"}],"wp:featuredmedia":[{"embeddable":true,"href":"https:\/\/www.topnatechnika.com\/index.php?rest_route=\/wp\/v2\/media\/2726"}],"wp:attachment":[{"href":"https:\/\/www.topnatechnika.com\/index.php?rest_route=%2Fwp%2Fv2%2Fmedia&parent=2716"}],"wp:term":[{"taxonomy":"product_brand","embeddable":true,"href":"https:\/\/www.topnatechnika.com\/index.php?rest_route=%2Fwp%2Fv2%2Fproduct_brand&post=2716"},{"taxonomy":"product_cat","embeddable":true,"href":"https:\/\/www.topnatechnika.com\/index.php?rest_route=%2Fwp%2Fv2%2Fproduct_cat&post=2716"},{"taxonomy":"product_tag","embeddable":true,"href":"https:\/\/www.topnatechnika.com\/index.php?rest_route=%2Fwp%2Fv2%2Fproduct_tag&post=2716"}],"curies":[{"name":"wp","href":"https:\/\/api.w.org\/{rel}","templated":true}]}}