{"id":2829,"date":"2022-02-20T13:29:39","date_gmt":"2022-02-20T12:29:39","guid":{"rendered":"https:\/\/www.topnatechnika.com\/?post_type=product&#038;p=2829"},"modified":"2025-11-18T16:54:49","modified_gmt":"2025-11-18T15:54:49","slug":"viadrus-ventilator","status":"publish","type":"product","link":"https:\/\/www.topnatechnika.com\/?product=viadrus-ventilator","title":{"rendered":"Viadrus ventil\u00e1tor ES SV 30-98 GR"},"content":{"rendered":"<p>Ventil\u00e1tor SV 30-98 GR (RLG97,ES30-98GR)<\/p>\n<p>Viadrus Ling, DUO,EKORET. Vhodn\u00e9 i pro kotle Benekov.<\/p>\n<p>Bez \u0161krt\u00edc\u00ed klapky. Nutno pou\u017e\u00edt p\u016fvodn\u00ed.<\/p>\n<p>Ur\u010deno pro odbornou mont\u00e1\u017e.<\/p>\n","protected":false},"excerpt":{"rendered":"<p>Ventil\u00e1tor SV 30-98 GR\u00a0 (RLG97,ES30-98GR)<\/p>\n<p>Bez \u0161krt\u00edc\u00ed klapky. Nutno pou\u017e\u00edt p\u016fvodn\u00ed.<\/p>\n<p>DUO,EKORET. Vhodn\u00e9 i pro kotle Benekov.<\/p>\n","protected":false},"featured_media":2899,"template":"","meta":[],"product_brand":[],"product_cat":[53],"product_tag":[54,56,55],"class_list":{"0":"post-2829","1":"product","2":"type-product","3":"status-publish","4":"has-post-thumbnail","6":"product_cat-nahradni-dily-pro-kotle-viadrus","7":"product_tag-ventilator-benekov-rlg97","8":"product_tag-ventilator-ling-25","9":"product_tag-ventilator-viadrus","10":"product_shipping_class-gl","11":"thunk-woo-product-list","12":"opn-qv-enable","13":"top-store-woo-hover-","14":"top-store-single-product-tab-horizontal","15":"top-store-shadow-","16":"top-store-shadow-hover-","18":"first","19":"instock","20":"taxable","21":"shipping-taxable","22":"purchasable","23":"product-type-simple"},"_links":{"self":[{"href":"https:\/\/www.topnatechnika.com\/index.php?rest_route=\/wp\/v2\/product\/2829","targetHints":{"allow":["GET"]}}],"collection":[{"href":"https:\/\/www.topnatechnika.com\/index.php?rest_route=\/wp\/v2\/product"}],"about":[{"href":"https:\/\/www.topnatechnika.com\/index.php?rest_route=\/wp\/v2\/types\/product"}],"wp:featuredmedia":[{"embeddable":true,"href":"https:\/\/www.topnatechnika.com\/index.php?rest_route=\/wp\/v2\/media\/2899"}],"wp:attachment":[{"href":"https:\/\/www.topnatechnika.com\/index.php?rest_route=%2Fwp%2Fv2%2Fmedia&parent=2829"}],"wp:term":[{"taxonomy":"product_brand","embeddable":true,"href":"https:\/\/www.topnatechnika.com\/index.php?rest_route=%2Fwp%2Fv2%2Fproduct_brand&post=2829"},{"taxonomy":"product_cat","embeddable":true,"href":"https:\/\/www.topnatechnika.com\/index.php?rest_route=%2Fwp%2Fv2%2Fproduct_cat&post=2829"},{"taxonomy":"product_tag","embeddable":true,"href":"https:\/\/www.topnatechnika.com\/index.php?rest_route=%2Fwp%2Fv2%2Fproduct_tag&post=2829"}],"curies":[{"name":"wp","href":"https:\/\/api.w.org\/{rel}","templated":true}]}}