{"id":2850,"date":"2022-03-06T10:50:43","date_gmt":"2022-03-06T09:50:43","guid":{"rendered":"https:\/\/www.topnatechnika.com\/?post_type=product&#038;p=2850"},"modified":"2022-03-06T10:50:43","modified_gmt":"2022-03-06T09:50:43","slug":"benekov-natrubek-ventilatoru","status":"publish","type":"product","link":"https:\/\/www.topnatechnika.com\/?product=benekov-natrubek-ventilatoru","title":{"rendered":"Benekov n\u00e1trubek ventil\u00e1toru"},"content":{"rendered":"<p>N\u00e1trubek pro z\u00e1m\u011bnu ventil\u00e1toru.<\/p>\n","protected":false},"excerpt":{"rendered":"<p>N\u00e1trubek pro z\u00e1m\u011bnu ventil\u00e1toru.<\/p>\n","protected":false},"featured_media":2851,"template":"","meta":[],"product_brand":[],"product_cat":[20],"product_tag":[],"class_list":{"0":"post-2850","1":"product","2":"type-product","3":"status-publish","4":"has-post-thumbnail","6":"product_cat-benekov","7":"product_shipping_class-gl","8":"thunk-woo-product-list","9":"opn-qv-enable","10":"top-store-woo-hover-","11":"top-store-single-product-tab-horizontal","12":"top-store-shadow-","13":"top-store-shadow-hover-","15":"first","16":"instock","17":"taxable","18":"shipping-taxable","19":"purchasable","20":"product-type-simple"},"_links":{"self":[{"href":"https:\/\/www.topnatechnika.com\/index.php?rest_route=\/wp\/v2\/product\/2850","targetHints":{"allow":["GET"]}}],"collection":[{"href":"https:\/\/www.topnatechnika.com\/index.php?rest_route=\/wp\/v2\/product"}],"about":[{"href":"https:\/\/www.topnatechnika.com\/index.php?rest_route=\/wp\/v2\/types\/product"}],"wp:featuredmedia":[{"embeddable":true,"href":"https:\/\/www.topnatechnika.com\/index.php?rest_route=\/wp\/v2\/media\/2851"}],"wp:attachment":[{"href":"https:\/\/www.topnatechnika.com\/index.php?rest_route=%2Fwp%2Fv2%2Fmedia&parent=2850"}],"wp:term":[{"taxonomy":"product_brand","embeddable":true,"href":"https:\/\/www.topnatechnika.com\/index.php?rest_route=%2Fwp%2Fv2%2Fproduct_brand&post=2850"},{"taxonomy":"product_cat","embeddable":true,"href":"https:\/\/www.topnatechnika.com\/index.php?rest_route=%2Fwp%2Fv2%2Fproduct_cat&post=2850"},{"taxonomy":"product_tag","embeddable":true,"href":"https:\/\/www.topnatechnika.com\/index.php?rest_route=%2Fwp%2Fv2%2Fproduct_tag&post=2850"}],"curies":[{"name":"wp","href":"https:\/\/api.w.org\/{rel}","templated":true}]}}