{"id":2854,"date":"2022-03-06T11:03:21","date_gmt":"2022-03-06T10:03:21","guid":{"rendered":"https:\/\/www.topnatechnika.com\/?post_type=product&#038;p=2854"},"modified":"2023-02-01T14:57:56","modified_gmt":"2023-02-01T13:57:56","slug":"viadrus-cidlo","status":"publish","type":"product","link":"https:\/\/www.topnatechnika.com\/?product=viadrus-cidlo","title":{"rendered":"Viadrus \u010didlo"},"content":{"rendered":"<p>\u010cidlo se pou\u017e\u00edv\u00e1 pro m\u011b\u0159en\u00ed teploty vody, pro kotle na tuh\u00e1 paliva.<br \/>\nJe ur\u010deno pro m\u011b\u0159en\u00ed teploty 0 a\u017e + 100\u00b0C<\/p>\n<p>\u010cidlo kabelov\u00e9 pro m\u011b\u0159en\u00ed teploty kotle a podava\u010de, je ur\u010deno pro v\u0161echny automaty.\u00a0 (pr\u016fm\u011br 6mm)<\/p>\n<p>Ilustra\u010dn\u00ed obr\u00e1zek<\/p>\n","protected":false},"excerpt":{"rendered":"<p>\u010cidlo se pou\u017e\u00edv\u00e1 pro m\u011b\u0159en\u00ed teploty vody, pro kotle na tuh\u00e1 paliva.<br \/>\nJe ur\u010deno pro m\u011b\u0159en\u00ed teploty 0 a\u017e + 100\u00b0C<\/p>\n<p>\u010cidlo kabelov\u00e9 pro m\u011b\u0159en\u00ed teploty kotle a podava\u010de, je ur\u010deno pro v\u0161echny automaty.\u00a0 (pr\u016fm\u011br 6mm)<\/p>\n<p>Ilustra\u010dn\u00ed obr\u00e1zek<\/p>\n","protected":false},"featured_media":2808,"template":"","meta":[],"product_brand":[],"product_cat":[53],"product_tag":[],"class_list":{"0":"post-2854","1":"product","2":"type-product","3":"status-publish","4":"has-post-thumbnail","6":"product_cat-nahradni-dily-pro-kotle-viadrus","7":"product_shipping_class-gl","8":"thunk-woo-product-list","9":"opn-qv-enable","10":"top-store-woo-hover-","11":"top-store-single-product-tab-horizontal","12":"top-store-shadow-","13":"top-store-shadow-hover-","15":"first","16":"instock","17":"taxable","18":"shipping-taxable","19":"purchasable","20":"product-type-simple"},"_links":{"self":[{"href":"https:\/\/www.topnatechnika.com\/index.php?rest_route=\/wp\/v2\/product\/2854","targetHints":{"allow":["GET"]}}],"collection":[{"href":"https:\/\/www.topnatechnika.com\/index.php?rest_route=\/wp\/v2\/product"}],"about":[{"href":"https:\/\/www.topnatechnika.com\/index.php?rest_route=\/wp\/v2\/types\/product"}],"wp:featuredmedia":[{"embeddable":true,"href":"https:\/\/www.topnatechnika.com\/index.php?rest_route=\/wp\/v2\/media\/2808"}],"wp:attachment":[{"href":"https:\/\/www.topnatechnika.com\/index.php?rest_route=%2Fwp%2Fv2%2Fmedia&parent=2854"}],"wp:term":[{"taxonomy":"product_brand","embeddable":true,"href":"https:\/\/www.topnatechnika.com\/index.php?rest_route=%2Fwp%2Fv2%2Fproduct_brand&post=2854"},{"taxonomy":"product_cat","embeddable":true,"href":"https:\/\/www.topnatechnika.com\/index.php?rest_route=%2Fwp%2Fv2%2Fproduct_cat&post=2854"},{"taxonomy":"product_tag","embeddable":true,"href":"https:\/\/www.topnatechnika.com\/index.php?rest_route=%2Fwp%2Fv2%2Fproduct_tag&post=2854"}],"curies":[{"name":"wp","href":"https:\/\/api.w.org\/{rel}","templated":true}]}}