{"id":2855,"date":"2022-03-06T11:13:30","date_gmt":"2022-03-06T10:13:30","guid":{"rendered":"https:\/\/www.topnatechnika.com\/?post_type=product&#038;p=2855"},"modified":"2025-01-15T09:49:25","modified_gmt":"2025-01-15T08:49:25","slug":"viadrus-cidlo-pt-1000","status":"publish","type":"product","link":"https:\/\/www.topnatechnika.com\/?product=viadrus-cidlo-pt-1000","title":{"rendered":"Viadrus \u010didlo PT 1000"},"content":{"rendered":"<p class=\"product_title entry-title\">\u010cidlo PT 1000<\/p>\n<p>Ur\u010deno pro kotle vybaven\u00e9 \u0159\u00edd\u00edc\u00ed jednotkou RKU1.<\/p>\n<p>Ur\u010deno pro odbornou mont\u00e1\u017e.<\/p>\n","protected":false},"excerpt":{"rendered":"<p>\u010cidlo PT 1000<\/p>\n<p>Ur\u010deno pro kotle vybaven\u00e9 \u0159\u00edd\u00edc\u00ed jednotkou RKU1.<\/p>\n<p>&nbsp;<\/p>\n","protected":false},"featured_media":1298,"template":"","meta":[],"product_brand":[],"product_cat":[53],"product_tag":[],"class_list":{"0":"post-2855","1":"product","2":"type-product","3":"status-publish","4":"has-post-thumbnail","6":"product_cat-nahradni-dily-pro-kotle-viadrus","7":"product_shipping_class-gl","8":"thunk-woo-product-list","9":"opn-qv-enable","10":"top-store-woo-hover-","11":"top-store-single-product-tab-horizontal","12":"top-store-shadow-","13":"top-store-shadow-hover-","15":"first","16":"instock","17":"taxable","18":"shipping-taxable","19":"purchasable","20":"product-type-simple"},"_links":{"self":[{"href":"https:\/\/www.topnatechnika.com\/index.php?rest_route=\/wp\/v2\/product\/2855","targetHints":{"allow":["GET"]}}],"collection":[{"href":"https:\/\/www.topnatechnika.com\/index.php?rest_route=\/wp\/v2\/product"}],"about":[{"href":"https:\/\/www.topnatechnika.com\/index.php?rest_route=\/wp\/v2\/types\/product"}],"wp:featuredmedia":[{"embeddable":true,"href":"https:\/\/www.topnatechnika.com\/index.php?rest_route=\/wp\/v2\/media\/1298"}],"wp:attachment":[{"href":"https:\/\/www.topnatechnika.com\/index.php?rest_route=%2Fwp%2Fv2%2Fmedia&parent=2855"}],"wp:term":[{"taxonomy":"product_brand","embeddable":true,"href":"https:\/\/www.topnatechnika.com\/index.php?rest_route=%2Fwp%2Fv2%2Fproduct_brand&post=2855"},{"taxonomy":"product_cat","embeddable":true,"href":"https:\/\/www.topnatechnika.com\/index.php?rest_route=%2Fwp%2Fv2%2Fproduct_cat&post=2855"},{"taxonomy":"product_tag","embeddable":true,"href":"https:\/\/www.topnatechnika.com\/index.php?rest_route=%2Fwp%2Fv2%2Fproduct_tag&post=2855"}],"curies":[{"name":"wp","href":"https:\/\/api.w.org\/{rel}","templated":true}]}}