{"id":2928,"date":"2022-04-03T09:07:48","date_gmt":"2022-04-03T08:07:48","guid":{"rendered":"https:\/\/www.topnatechnika.com\/?post_type=product&#038;p=2928"},"modified":"2025-11-26T12:16:31","modified_gmt":"2025-11-26T11:16:31","slug":"viadrus-deska-katalyzatoru-2","status":"publish","type":"product","link":"https:\/\/www.topnatechnika.com\/?product=viadrus-deska-katalyzatoru-2","title":{"rendered":"Viadrus deska katalyz\u00e1toru"},"content":{"rendered":"<p>Viadrus Ling 25, st\u0159edov\u00e1 deska keramick\u00e9ho katalyz\u00e1toru (8)<\/p>\n<p>Kotel obsahuje 4 ks, cena je za 1 ks.<\/p>\n<p>Cihla je u\u017e\u0161\u00ed z d\u016fvodu zlep\u0161en\u00ed tepla ve spalovac\u00ed komo\u0159e.<\/p>\n<p><strong>Pro jednu objedn\u00e1vku maxim\u00e1ln\u011b 4 kusy.<\/strong><\/p>\n","protected":false},"excerpt":{"rendered":"<p>Viadrus Ling 25, st\u0159edov\u00e1 deska keramick\u00e9ho katalyz\u00e1toru (8)<\/p>\n<p>Kotel obsahuje 4 ks, cena je za 1 ks.<\/p>\n<p>Cihla je u\u017e\u0161\u00ed z d\u016fvodu zlep\u0161en\u00ed tepla ve spalovac\u00ed komo\u0159e.<\/p>\n<p><strong>Pro jednu objedn\u00e1vku maxim\u00e1ln\u011b 4 kusy.<\/strong><\/p>\n","protected":false},"featured_media":2742,"template":"","meta":[],"product_brand":[],"product_cat":[53],"product_tag":[],"class_list":{"0":"post-2928","1":"product","2":"type-product","3":"status-publish","4":"has-post-thumbnail","6":"product_cat-nahradni-dily-pro-kotle-viadrus","7":"product_shipping_class-toptrans-cr","8":"thunk-woo-product-list","9":"opn-qv-enable","10":"top-store-woo-hover-","11":"top-store-single-product-tab-horizontal","12":"top-store-shadow-","13":"top-store-shadow-hover-","15":"first","16":"instock","17":"taxable","18":"shipping-taxable","19":"purchasable","20":"product-type-simple"},"_links":{"self":[{"href":"https:\/\/www.topnatechnika.com\/index.php?rest_route=\/wp\/v2\/product\/2928","targetHints":{"allow":["GET"]}}],"collection":[{"href":"https:\/\/www.topnatechnika.com\/index.php?rest_route=\/wp\/v2\/product"}],"about":[{"href":"https:\/\/www.topnatechnika.com\/index.php?rest_route=\/wp\/v2\/types\/product"}],"wp:featuredmedia":[{"embeddable":true,"href":"https:\/\/www.topnatechnika.com\/index.php?rest_route=\/wp\/v2\/media\/2742"}],"wp:attachment":[{"href":"https:\/\/www.topnatechnika.com\/index.php?rest_route=%2Fwp%2Fv2%2Fmedia&parent=2928"}],"wp:term":[{"taxonomy":"product_brand","embeddable":true,"href":"https:\/\/www.topnatechnika.com\/index.php?rest_route=%2Fwp%2Fv2%2Fproduct_brand&post=2928"},{"taxonomy":"product_cat","embeddable":true,"href":"https:\/\/www.topnatechnika.com\/index.php?rest_route=%2Fwp%2Fv2%2Fproduct_cat&post=2928"},{"taxonomy":"product_tag","embeddable":true,"href":"https:\/\/www.topnatechnika.com\/index.php?rest_route=%2Fwp%2Fv2%2Fproduct_tag&post=2928"}],"curies":[{"name":"wp","href":"https:\/\/api.w.org\/{rel}","templated":true}]}}