{"id":2936,"date":"2022-04-04T08:30:10","date_gmt":"2022-04-04T07:30:10","guid":{"rendered":"https:\/\/www.topnatechnika.com\/?post_type=product&#038;p=2936"},"modified":"2025-01-15T09:40:09","modified_gmt":"2025-01-15T08:40:09","slug":"benekov-ventilator-ebm","status":"publish","type":"product","link":"https:\/\/www.topnatechnika.com\/?product=benekov-ventilator-ebm","title":{"rendered":"Benekov ventil\u00e1tor EBM"},"content":{"rendered":"<p>Ventil\u00e1tor sestava EBM G2E 108-AA01-75<\/p>\n<p>K \u0159\u00edd\u00edc\u00edm jednotk\u00e1m EM 250R &#8211; 250R2, EM 800-R3-R4.<\/p>\n<p>Ur\u010deno pro odbornou mont\u00e1\u017e.<\/p>\n","protected":false},"excerpt":{"rendered":"<p>Ventil\u00e1tor sestava EBM G2E 108-AA01-75<\/p>\n<p>K \u0159\u00edd\u00edc\u00edm jednotk\u00e1m EM 250R-250R2, EM 800-R3-R4.<\/p>\n","protected":false},"featured_media":1814,"template":"","meta":[],"product_brand":[],"product_cat":[20],"product_tag":[],"class_list":{"0":"post-2936","1":"product","2":"type-product","3":"status-publish","4":"has-post-thumbnail","6":"product_cat-benekov","7":"product_shipping_class-gl","8":"thunk-woo-product-list","9":"opn-qv-enable","10":"top-store-woo-hover-","11":"top-store-single-product-tab-horizontal","12":"top-store-shadow-","13":"top-store-shadow-hover-","15":"first","16":"instock","17":"taxable","18":"shipping-taxable","19":"purchasable","20":"product-type-simple"},"_links":{"self":[{"href":"https:\/\/www.topnatechnika.com\/index.php?rest_route=\/wp\/v2\/product\/2936","targetHints":{"allow":["GET"]}}],"collection":[{"href":"https:\/\/www.topnatechnika.com\/index.php?rest_route=\/wp\/v2\/product"}],"about":[{"href":"https:\/\/www.topnatechnika.com\/index.php?rest_route=\/wp\/v2\/types\/product"}],"wp:featuredmedia":[{"embeddable":true,"href":"https:\/\/www.topnatechnika.com\/index.php?rest_route=\/wp\/v2\/media\/1814"}],"wp:attachment":[{"href":"https:\/\/www.topnatechnika.com\/index.php?rest_route=%2Fwp%2Fv2%2Fmedia&parent=2936"}],"wp:term":[{"taxonomy":"product_brand","embeddable":true,"href":"https:\/\/www.topnatechnika.com\/index.php?rest_route=%2Fwp%2Fv2%2Fproduct_brand&post=2936"},{"taxonomy":"product_cat","embeddable":true,"href":"https:\/\/www.topnatechnika.com\/index.php?rest_route=%2Fwp%2Fv2%2Fproduct_cat&post=2936"},{"taxonomy":"product_tag","embeddable":true,"href":"https:\/\/www.topnatechnika.com\/index.php?rest_route=%2Fwp%2Fv2%2Fproduct_tag&post=2936"}],"curies":[{"name":"wp","href":"https:\/\/api.w.org\/{rel}","templated":true}]}}