{"id":2944,"date":"2022-04-09T09:36:57","date_gmt":"2022-04-09T08:36:57","guid":{"rendered":"https:\/\/www.topnatechnika.com\/?post_type=product&#038;p=2944"},"modified":"2025-01-15T09:46:27","modified_gmt":"2025-01-15T08:46:27","slug":"viadrus-motor-s-prevodovkou","status":"publish","type":"product","link":"https:\/\/www.topnatechnika.com\/?product=viadrus-motor-s-prevodovkou","title":{"rendered":"Viadrus motor s p\u0159evodovkou"},"content":{"rendered":"<p>Motor s p\u0159evodovkou pro VULCANUS, VIA26086,VIA27128,\u00a0 A3W.<\/p>\n<p>N\u00e1hrada motoru s p\u0159evodovkou LENZE FS20.<\/p>\n<p>Ur\u010deno pro odbornou mont\u00e1\u017e.<\/p>\n","protected":false},"excerpt":{"rendered":"<p>Motor s p\u0159evodovkou pro VULCANUS, VIA26086, VIA27128,\u00a0 A3W.<\/p>\n<p>N\u00e1hrada motoru s p\u0159evodovkou LENZE FS20.<\/p>\n","protected":false},"featured_media":2750,"template":"","meta":[],"product_brand":[],"product_cat":[53],"product_tag":[],"class_list":{"0":"post-2944","1":"product","2":"type-product","3":"status-publish","4":"has-post-thumbnail","6":"product_cat-nahradni-dily-pro-kotle-viadrus","7":"product_shipping_class-toptrans-cr","8":"thunk-woo-product-list","9":"opn-qv-enable","10":"top-store-woo-hover-","11":"top-store-single-product-tab-horizontal","12":"top-store-shadow-","13":"top-store-shadow-hover-","15":"first","16":"instock","17":"taxable","18":"shipping-taxable","19":"purchasable","20":"product-type-simple"},"_links":{"self":[{"href":"https:\/\/www.topnatechnika.com\/index.php?rest_route=\/wp\/v2\/product\/2944","targetHints":{"allow":["GET"]}}],"collection":[{"href":"https:\/\/www.topnatechnika.com\/index.php?rest_route=\/wp\/v2\/product"}],"about":[{"href":"https:\/\/www.topnatechnika.com\/index.php?rest_route=\/wp\/v2\/types\/product"}],"wp:featuredmedia":[{"embeddable":true,"href":"https:\/\/www.topnatechnika.com\/index.php?rest_route=\/wp\/v2\/media\/2750"}],"wp:attachment":[{"href":"https:\/\/www.topnatechnika.com\/index.php?rest_route=%2Fwp%2Fv2%2Fmedia&parent=2944"}],"wp:term":[{"taxonomy":"product_brand","embeddable":true,"href":"https:\/\/www.topnatechnika.com\/index.php?rest_route=%2Fwp%2Fv2%2Fproduct_brand&post=2944"},{"taxonomy":"product_cat","embeddable":true,"href":"https:\/\/www.topnatechnika.com\/index.php?rest_route=%2Fwp%2Fv2%2Fproduct_cat&post=2944"},{"taxonomy":"product_tag","embeddable":true,"href":"https:\/\/www.topnatechnika.com\/index.php?rest_route=%2Fwp%2Fv2%2Fproduct_tag&post=2944"}],"curies":[{"name":"wp","href":"https:\/\/api.w.org\/{rel}","templated":true}]}}