{"id":2950,"date":"2022-04-09T12:47:23","date_gmt":"2022-04-09T11:47:23","guid":{"rendered":"https:\/\/www.topnatechnika.com\/?post_type=product&#038;p=2950"},"modified":"2025-01-15T09:46:07","modified_gmt":"2025-01-15T08:46:07","slug":"viadrus-elektronicky-pohon-belimo","status":"publish","type":"product","link":"https:\/\/www.topnatechnika.com\/?product=viadrus-elektronicky-pohon-belimo","title":{"rendered":"Viadrus elektronick\u00fd pohon Belimo"},"content":{"rendered":"<p class=\"product_title entry-title\">Elektronick\u00fd pohon Belimo Cm24x-sr<\/p>\n<p>Jmenovit\u00e9 nap\u011bt\u00ed 24 VAC\/ DC. Jmenovit\u00fd rozsah nap\u011bt\u00ed AC \/ DC 19.2 \u2013 28.8.<\/p>\n<p>Ur\u010deno pro odbornou mont\u00e1\u017e.<\/p>\n","protected":false},"excerpt":{"rendered":"<p class=\"product_title entry-title\">Elektronick\u00fd pohon Belimo Cm24x-sr<\/p>\n<p>Jmenovit\u00e9 nap\u011bt\u00ed 24 VAC\/ DC. Jmenovit\u00fd rozsah nap\u011bt\u00ed AC \/ DC 19.2 \u2013 28.8.<\/p>\n","protected":false},"featured_media":2971,"template":"","meta":[],"product_brand":[],"product_cat":[53],"product_tag":[],"class_list":{"0":"post-2950","1":"product","2":"type-product","3":"status-publish","4":"has-post-thumbnail","6":"product_cat-nahradni-dily-pro-kotle-viadrus","7":"product_shipping_class-gl","8":"thunk-woo-product-list","9":"opn-qv-enable","10":"top-store-woo-hover-","11":"top-store-single-product-tab-horizontal","12":"top-store-shadow-","13":"top-store-shadow-hover-","15":"first","16":"instock","17":"taxable","18":"shipping-taxable","19":"purchasable","20":"product-type-simple"},"_links":{"self":[{"href":"https:\/\/www.topnatechnika.com\/index.php?rest_route=\/wp\/v2\/product\/2950","targetHints":{"allow":["GET"]}}],"collection":[{"href":"https:\/\/www.topnatechnika.com\/index.php?rest_route=\/wp\/v2\/product"}],"about":[{"href":"https:\/\/www.topnatechnika.com\/index.php?rest_route=\/wp\/v2\/types\/product"}],"wp:featuredmedia":[{"embeddable":true,"href":"https:\/\/www.topnatechnika.com\/index.php?rest_route=\/wp\/v2\/media\/2971"}],"wp:attachment":[{"href":"https:\/\/www.topnatechnika.com\/index.php?rest_route=%2Fwp%2Fv2%2Fmedia&parent=2950"}],"wp:term":[{"taxonomy":"product_brand","embeddable":true,"href":"https:\/\/www.topnatechnika.com\/index.php?rest_route=%2Fwp%2Fv2%2Fproduct_brand&post=2950"},{"taxonomy":"product_cat","embeddable":true,"href":"https:\/\/www.topnatechnika.com\/index.php?rest_route=%2Fwp%2Fv2%2Fproduct_cat&post=2950"},{"taxonomy":"product_tag","embeddable":true,"href":"https:\/\/www.topnatechnika.com\/index.php?rest_route=%2Fwp%2Fv2%2Fproduct_tag&post=2950"}],"curies":[{"name":"wp","href":"https:\/\/api.w.org\/{rel}","templated":true}]}}