{"id":2966,"date":"2022-04-21T08:47:41","date_gmt":"2022-04-21T07:47:41","guid":{"rendered":"https:\/\/www.topnatechnika.com\/?post_type=product&#038;p=2966"},"modified":"2025-01-15T09:45:45","modified_gmt":"2025-01-15T08:45:45","slug":"viadrus-pol423-50std","status":"publish","type":"product","link":"https:\/\/www.topnatechnika.com\/?product=viadrus-pol423-50std","title":{"rendered":"Viadrus POL423.50(STD)"},"content":{"rendered":"<p>\u0158\u00edd\u00edc\u00ed jednotka\u00a0 CLIMATIX STANDARD POL423.50\/STD \/A3W\/A3C\/<\/p>\n<p>Ur\u010deno pro odbornou mont\u00e1\u017e.<\/p>\n<p>&nbsp;<\/p>\n<h1><\/h1>\n","protected":false},"excerpt":{"rendered":"<p>\u0158\u00edd\u00edc\u00ed jednotka\u00a0 CLIMATIX STANDARD POL423.50\/STD \/A3W\/A3C\/<\/p>\n","protected":false},"featured_media":2965,"template":"","meta":[],"product_brand":[],"product_cat":[53],"product_tag":[],"class_list":{"0":"post-2966","1":"product","2":"type-product","3":"status-publish","4":"has-post-thumbnail","6":"product_cat-nahradni-dily-pro-kotle-viadrus","7":"product_shipping_class-gl","8":"thunk-woo-product-list","9":"opn-qv-enable","10":"top-store-woo-hover-","11":"top-store-single-product-tab-horizontal","12":"top-store-shadow-","13":"top-store-shadow-hover-","15":"first","16":"instock","17":"taxable","18":"shipping-taxable","19":"purchasable","20":"product-type-simple"},"_links":{"self":[{"href":"https:\/\/www.topnatechnika.com\/index.php?rest_route=\/wp\/v2\/product\/2966","targetHints":{"allow":["GET"]}}],"collection":[{"href":"https:\/\/www.topnatechnika.com\/index.php?rest_route=\/wp\/v2\/product"}],"about":[{"href":"https:\/\/www.topnatechnika.com\/index.php?rest_route=\/wp\/v2\/types\/product"}],"wp:featuredmedia":[{"embeddable":true,"href":"https:\/\/www.topnatechnika.com\/index.php?rest_route=\/wp\/v2\/media\/2965"}],"wp:attachment":[{"href":"https:\/\/www.topnatechnika.com\/index.php?rest_route=%2Fwp%2Fv2%2Fmedia&parent=2966"}],"wp:term":[{"taxonomy":"product_brand","embeddable":true,"href":"https:\/\/www.topnatechnika.com\/index.php?rest_route=%2Fwp%2Fv2%2Fproduct_brand&post=2966"},{"taxonomy":"product_cat","embeddable":true,"href":"https:\/\/www.topnatechnika.com\/index.php?rest_route=%2Fwp%2Fv2%2Fproduct_cat&post=2966"},{"taxonomy":"product_tag","embeddable":true,"href":"https:\/\/www.topnatechnika.com\/index.php?rest_route=%2Fwp%2Fv2%2Fproduct_tag&post=2966"}],"curies":[{"name":"wp","href":"https:\/\/api.w.org\/{rel}","templated":true}]}}