{"id":3055,"date":"2022-09-02T11:47:53","date_gmt":"2022-09-02T10:47:53","guid":{"rendered":"https:\/\/www.topnatechnika.com\/?post_type=product&#038;p=3055"},"modified":"2022-09-09T10:30:33","modified_gmt":"2022-09-09T09:30:33","slug":"benekov-cidlo-kty-81-ct4-2m","status":"publish","type":"product","link":"https:\/\/www.topnatechnika.com\/?product=benekov-cidlo-kty-81-ct4-2m","title":{"rendered":"Benekov \u010didlo KTY 81 CT4 (3m)"},"content":{"rendered":"<p>\u010cidlo KTY 81 se pou\u017e\u00edv\u00e1 pro m\u011b\u0159en\u00ed teploty vody v jednotk\u00e1ch Plum, pro kotle na tuh\u00e1 paliva.<br \/>\nJe ur\u010deno pro m\u011b\u0159en\u00ed teploty 0 a\u017e + 100\u00b0C<\/p>\n","protected":false},"excerpt":{"rendered":"<p>\u010cidlo KTY 81 se pou\u017e\u00edv\u00e1 pro m\u011b\u0159en\u00ed teploty vody v jednotk\u00e1ch Plum, pro kotle na tuh\u00e1 paliva.<br \/>\nJe ur\u010deno pro m\u011b\u0159en\u00ed teploty 0 a\u017e + 100\u00b0C<\/p>\n","protected":false},"featured_media":2808,"template":"","meta":[],"product_brand":[],"product_cat":[20],"product_tag":[],"class_list":{"0":"post-3055","1":"product","2":"type-product","3":"status-publish","4":"has-post-thumbnail","6":"product_cat-benekov","7":"product_shipping_class-gl","8":"thunk-woo-product-list","9":"opn-qv-enable","10":"top-store-woo-hover-","11":"top-store-single-product-tab-horizontal","12":"top-store-shadow-","13":"top-store-shadow-hover-","15":"first","16":"instock","17":"taxable","18":"shipping-taxable","19":"purchasable","20":"product-type-simple"},"_links":{"self":[{"href":"https:\/\/www.topnatechnika.com\/index.php?rest_route=\/wp\/v2\/product\/3055","targetHints":{"allow":["GET"]}}],"collection":[{"href":"https:\/\/www.topnatechnika.com\/index.php?rest_route=\/wp\/v2\/product"}],"about":[{"href":"https:\/\/www.topnatechnika.com\/index.php?rest_route=\/wp\/v2\/types\/product"}],"wp:featuredmedia":[{"embeddable":true,"href":"https:\/\/www.topnatechnika.com\/index.php?rest_route=\/wp\/v2\/media\/2808"}],"wp:attachment":[{"href":"https:\/\/www.topnatechnika.com\/index.php?rest_route=%2Fwp%2Fv2%2Fmedia&parent=3055"}],"wp:term":[{"taxonomy":"product_brand","embeddable":true,"href":"https:\/\/www.topnatechnika.com\/index.php?rest_route=%2Fwp%2Fv2%2Fproduct_brand&post=3055"},{"taxonomy":"product_cat","embeddable":true,"href":"https:\/\/www.topnatechnika.com\/index.php?rest_route=%2Fwp%2Fv2%2Fproduct_cat&post=3055"},{"taxonomy":"product_tag","embeddable":true,"href":"https:\/\/www.topnatechnika.com\/index.php?rest_route=%2Fwp%2Fv2%2Fproduct_tag&post=3055"}],"curies":[{"name":"wp","href":"https:\/\/api.w.org\/{rel}","templated":true}]}}