{"id":3068,"date":"2022-09-09T07:47:22","date_gmt":"2022-09-09T06:47:22","guid":{"rendered":"https:\/\/www.topnatechnika.com\/?post_type=product&#038;p=3068"},"modified":"2025-01-15T09:39:44","modified_gmt":"2025-01-15T08:39:44","slug":"benekov-ventilator","status":"publish","type":"product","link":"https:\/\/www.topnatechnika.com\/?product=benekov-ventilator","title":{"rendered":"Benekov ventil\u00e1tor G1G108-AB17-02(WPA EC1 108\/24V)"},"content":{"rendered":"<p><span style=\"font-size: 16px; font-weight: 400;\">24 VDC, DC, 108 mm, 159 mm, 130 CFM, 42W (n\u00e1hrada WPA EC1 108\/24V)<\/span><\/p>\n<p style=\"font-size: 16px; font-weight: 400;\">Pro kotle C 25 ovl\u00e1dac\u00ed jednotka Saphir, d\u00e1le C 51, C 77, C 100.<\/p>\n<p>Ur\u010deno pro odbornou mont\u00e1\u017e.<\/p>\n","protected":false},"excerpt":{"rendered":"<p>G1G108-AB17-02, <span style=\"font-size: 16px; font-weight: 400;\"> (n\u00e1hrada WPA EC1 108\/24V)<\/span><\/p>\n<p><span style=\"font-size: 16px; font-weight: 400;\">24 VDC, DC, 108 mm, 159 mm, 130 CFM\u00a0<\/span><\/p>\n<p>Pro kotle C 25 ovl\u00e1dac\u00ed jednotka Saphir, d\u00e1le\u00a0 C 51, C 77, C 100.<\/p>\n","protected":false},"featured_media":3072,"template":"","meta":[],"product_brand":[],"product_cat":[20],"product_tag":[],"class_list":{"0":"post-3068","1":"product","2":"type-product","3":"status-publish","4":"has-post-thumbnail","6":"product_cat-benekov","7":"product_shipping_class-gl","8":"thunk-woo-product-list","9":"opn-qv-enable","10":"top-store-woo-hover-","11":"top-store-single-product-tab-horizontal","12":"top-store-shadow-","13":"top-store-shadow-hover-","15":"first","16":"instock","17":"taxable","18":"shipping-taxable","19":"purchasable","20":"product-type-simple"},"_links":{"self":[{"href":"https:\/\/www.topnatechnika.com\/index.php?rest_route=\/wp\/v2\/product\/3068","targetHints":{"allow":["GET"]}}],"collection":[{"href":"https:\/\/www.topnatechnika.com\/index.php?rest_route=\/wp\/v2\/product"}],"about":[{"href":"https:\/\/www.topnatechnika.com\/index.php?rest_route=\/wp\/v2\/types\/product"}],"wp:featuredmedia":[{"embeddable":true,"href":"https:\/\/www.topnatechnika.com\/index.php?rest_route=\/wp\/v2\/media\/3072"}],"wp:attachment":[{"href":"https:\/\/www.topnatechnika.com\/index.php?rest_route=%2Fwp%2Fv2%2Fmedia&parent=3068"}],"wp:term":[{"taxonomy":"product_brand","embeddable":true,"href":"https:\/\/www.topnatechnika.com\/index.php?rest_route=%2Fwp%2Fv2%2Fproduct_brand&post=3068"},{"taxonomy":"product_cat","embeddable":true,"href":"https:\/\/www.topnatechnika.com\/index.php?rest_route=%2Fwp%2Fv2%2Fproduct_cat&post=3068"},{"taxonomy":"product_tag","embeddable":true,"href":"https:\/\/www.topnatechnika.com\/index.php?rest_route=%2Fwp%2Fv2%2Fproduct_tag&post=3068"}],"curies":[{"name":"wp","href":"https:\/\/api.w.org\/{rel}","templated":true}]}}