{"id":3445,"date":"2023-02-22T09:54:56","date_gmt":"2023-02-22T08:54:56","guid":{"rendered":"https:\/\/www.topnatechnika.com\/?post_type=product&#038;p=3445"},"modified":"2025-12-15T11:31:39","modified_gmt":"2025-12-15T10:31:39","slug":"benekov-keramicky-bok-maly-c17","status":"publish","type":"product","link":"https:\/\/www.topnatechnika.com\/?product=benekov-keramicky-bok-maly-c17","title":{"rendered":"Benekov keramick\u00fd bok mal\u00fd C17"},"content":{"rendered":"<p>Keramick\u00fd bok mal\u00fd C17, B20.<\/p>\n<p>Rozm\u011br 108x271x25.<\/p>\n","protected":false},"excerpt":{"rendered":"<p>Keramick\u00fd bok mal\u00fd C17, B20.<\/p>\n<p>Rozm\u011br 108x271x25.<\/p>\n","protected":false},"featured_media":3446,"template":"","meta":[],"product_brand":[],"product_cat":[20],"product_tag":[],"class_list":{"0":"post-3445","1":"product","2":"type-product","3":"status-publish","4":"has-post-thumbnail","6":"product_cat-benekov","7":"product_shipping_class-toptrans-cr","8":"thunk-woo-product-list","9":"opn-qv-enable","10":"top-store-woo-hover-","11":"top-store-single-product-tab-horizontal","12":"top-store-shadow-","13":"top-store-shadow-hover-","15":"first","16":"instock","17":"taxable","18":"shipping-taxable","19":"purchasable","20":"product-type-simple"},"_links":{"self":[{"href":"https:\/\/www.topnatechnika.com\/index.php?rest_route=\/wp\/v2\/product\/3445","targetHints":{"allow":["GET"]}}],"collection":[{"href":"https:\/\/www.topnatechnika.com\/index.php?rest_route=\/wp\/v2\/product"}],"about":[{"href":"https:\/\/www.topnatechnika.com\/index.php?rest_route=\/wp\/v2\/types\/product"}],"wp:featuredmedia":[{"embeddable":true,"href":"https:\/\/www.topnatechnika.com\/index.php?rest_route=\/wp\/v2\/media\/3446"}],"wp:attachment":[{"href":"https:\/\/www.topnatechnika.com\/index.php?rest_route=%2Fwp%2Fv2%2Fmedia&parent=3445"}],"wp:term":[{"taxonomy":"product_brand","embeddable":true,"href":"https:\/\/www.topnatechnika.com\/index.php?rest_route=%2Fwp%2Fv2%2Fproduct_brand&post=3445"},{"taxonomy":"product_cat","embeddable":true,"href":"https:\/\/www.topnatechnika.com\/index.php?rest_route=%2Fwp%2Fv2%2Fproduct_cat&post=3445"},{"taxonomy":"product_tag","embeddable":true,"href":"https:\/\/www.topnatechnika.com\/index.php?rest_route=%2Fwp%2Fv2%2Fproduct_tag&post=3445"}],"curies":[{"name":"wp","href":"https:\/\/api.w.org\/{rel}","templated":true}]}}