{"id":3606,"date":"2023-08-03T16:04:15","date_gmt":"2023-08-03T15:04:15","guid":{"rendered":"https:\/\/www.topnatechnika.com\/?post_type=product&#038;p=3606"},"modified":"2025-01-15T09:20:43","modified_gmt":"2025-01-15T08:20:43","slug":"ventilator-g1g085","status":"publish","type":"product","link":"https:\/\/www.topnatechnika.com\/?product=ventilator-g1g085","title":{"rendered":"Ventil\u00e1tor G1G 085"},"content":{"rendered":"<p>Ventil\u00e1tor G1G 085 pro kotel C15\u00a0 Saphir.<\/p>\n<h6>24 VDC<\/h6>\n<p><label for=\"SpecList_chkbox_Speed:2850_RPM\">Rychlost: <\/label>2850<\/p>\n<p><label for=\"SpecList_chkbox_Power_Rating:14_W\">Jmenovit\u00fd v\u00fdkon: \u00a014 W<\/label><\/p>\n<p>Ur\u010deno pro odbornou mont\u00e1\u017e.<\/p>\n<h6><label for=\"SpecList_chkbox_Height:85_mm\">V\u00fd\u0161ka: 85 mm<\/label><\/h6>\n<h6><label for=\"SpecList_chkbox_Depth:85_mm\">Hloubka: 85 mm<\/label><\/h6>\n<h6><\/h6>\n","protected":false},"excerpt":{"rendered":"<h6>Ventil\u00e1tor G1G 085<\/h6>\n<p>24 VDC<\/p>\n<p><label for=\"SpecList_chkbox_Speed:2850_RPM\">Rychlost: <\/label>2850<\/p>\n<p><label for=\"SpecList_chkbox_Power_Rating:14_W\">Jmenovit\u00fd v\u00fdkon: \u00a014 W<\/label><\/p>\n<h6><label for=\"SpecList_chkbox_Height:85_mm\">V\u00fd\u0161ka: 85 mm<\/label><\/h6>\n<h6><label for=\"SpecList_chkbox_Depth:85_mm\">Hloubka: 85 mm<\/label><\/h6>\n","protected":false},"featured_media":3072,"template":"","meta":[],"product_brand":[],"product_cat":[20],"product_tag":[73,72,71],"class_list":{"0":"post-3606","1":"product","2":"type-product","3":"status-publish","4":"has-post-thumbnail","6":"product_cat-benekov","7":"product_tag-g1g-085","8":"product_tag-saphir","9":"product_tag-ventilator","10":"product_shipping_class-gl","11":"thunk-woo-product-list","12":"opn-qv-enable","13":"top-store-woo-hover-","14":"top-store-single-product-tab-horizontal","15":"top-store-shadow-","16":"top-store-shadow-hover-","18":"first","19":"instock","20":"taxable","21":"shipping-taxable","22":"purchasable","23":"product-type-simple"},"_links":{"self":[{"href":"https:\/\/www.topnatechnika.com\/index.php?rest_route=\/wp\/v2\/product\/3606","targetHints":{"allow":["GET"]}}],"collection":[{"href":"https:\/\/www.topnatechnika.com\/index.php?rest_route=\/wp\/v2\/product"}],"about":[{"href":"https:\/\/www.topnatechnika.com\/index.php?rest_route=\/wp\/v2\/types\/product"}],"wp:featuredmedia":[{"embeddable":true,"href":"https:\/\/www.topnatechnika.com\/index.php?rest_route=\/wp\/v2\/media\/3072"}],"wp:attachment":[{"href":"https:\/\/www.topnatechnika.com\/index.php?rest_route=%2Fwp%2Fv2%2Fmedia&parent=3606"}],"wp:term":[{"taxonomy":"product_brand","embeddable":true,"href":"https:\/\/www.topnatechnika.com\/index.php?rest_route=%2Fwp%2Fv2%2Fproduct_brand&post=3606"},{"taxonomy":"product_cat","embeddable":true,"href":"https:\/\/www.topnatechnika.com\/index.php?rest_route=%2Fwp%2Fv2%2Fproduct_cat&post=3606"},{"taxonomy":"product_tag","embeddable":true,"href":"https:\/\/www.topnatechnika.com\/index.php?rest_route=%2Fwp%2Fv2%2Fproduct_tag&post=3606"}],"curies":[{"name":"wp","href":"https:\/\/api.w.org\/{rel}","templated":true}]}}