{"id":3878,"date":"2023-12-07T09:59:13","date_gmt":"2023-12-07T08:59:13","guid":{"rendered":"https:\/\/www.topnatechnika.com\/?post_type=product&#038;p=3878"},"modified":"2025-01-15T09:19:10","modified_gmt":"2025-01-15T08:19:10","slug":"benekov-prevodovy-motor-59tyd-7a","status":"publish","type":"product","link":"https:\/\/www.topnatechnika.com\/?product=benekov-prevodovy-motor-59tyd-7a","title":{"rendered":"Benekov p\u0159evodov\u00fd motor 59TYD-7A"},"content":{"rendered":"<p>P\u0159evodov\u00fd motor 59TYD-7A<\/p>\n<p>ilustra\u010dn\u00ed foto<\/p>\n<p>Origin\u00e1ln\u00ed p\u0159evodov\u00fd motor Powergate 59 YTD-7A pou\u017e\u00edvan\u00fd pro ho\u0159\u00e1k Pellas-X kotel K14.<\/p>\n<p>230V\/50Hz<\/p>\n<p>2 RPM 4W<\/p>\n<p>Ur\u010deno pro odbornou mont\u00e1\u017e.<\/p>\n","protected":false},"excerpt":{"rendered":"<p>P\u0159evodov\u00fd motor 59TYD-7A<\/p>\n<p>ilustra\u010dn\u00ed foto<\/p>\n<p>Origin\u00e1ln\u00ed p\u0159evodov\u00fd motor Powergate 59 YTD-7A pou\u017e\u00edvan\u00fd pro ho\u0159\u00e1k Pellas-X kotel K14.<\/p>\n<p>&nbsp;<\/p>\n","protected":false},"featured_media":3879,"template":"","meta":[],"product_brand":[],"product_cat":[20],"product_tag":[],"class_list":{"0":"post-3878","1":"product","2":"type-product","3":"status-publish","4":"has-post-thumbnail","6":"product_cat-benekov","7":"product_shipping_class-gl","8":"thunk-woo-product-list","9":"opn-qv-enable","10":"top-store-woo-hover-","11":"top-store-single-product-tab-horizontal","12":"top-store-shadow-","13":"top-store-shadow-hover-","15":"first","16":"instock","17":"taxable","18":"shipping-taxable","19":"purchasable","20":"product-type-simple"},"_links":{"self":[{"href":"https:\/\/www.topnatechnika.com\/index.php?rest_route=\/wp\/v2\/product\/3878","targetHints":{"allow":["GET"]}}],"collection":[{"href":"https:\/\/www.topnatechnika.com\/index.php?rest_route=\/wp\/v2\/product"}],"about":[{"href":"https:\/\/www.topnatechnika.com\/index.php?rest_route=\/wp\/v2\/types\/product"}],"wp:featuredmedia":[{"embeddable":true,"href":"https:\/\/www.topnatechnika.com\/index.php?rest_route=\/wp\/v2\/media\/3879"}],"wp:attachment":[{"href":"https:\/\/www.topnatechnika.com\/index.php?rest_route=%2Fwp%2Fv2%2Fmedia&parent=3878"}],"wp:term":[{"taxonomy":"product_brand","embeddable":true,"href":"https:\/\/www.topnatechnika.com\/index.php?rest_route=%2Fwp%2Fv2%2Fproduct_brand&post=3878"},{"taxonomy":"product_cat","embeddable":true,"href":"https:\/\/www.topnatechnika.com\/index.php?rest_route=%2Fwp%2Fv2%2Fproduct_cat&post=3878"},{"taxonomy":"product_tag","embeddable":true,"href":"https:\/\/www.topnatechnika.com\/index.php?rest_route=%2Fwp%2Fv2%2Fproduct_tag&post=3878"}],"curies":[{"name":"wp","href":"https:\/\/api.w.org\/{rel}","templated":true}]}}