{"id":4092,"date":"2024-04-24T12:19:36","date_gmt":"2024-04-24T11:19:36","guid":{"rendered":"https:\/\/www.topnatechnika.com\/?post_type=product&#038;p=4092"},"modified":"2024-04-24T12:21:30","modified_gmt":"2024-04-24T11:21:30","slug":"benekov-tesneni-vicka-smesovace-c51","status":"publish","type":"product","link":"https:\/\/www.topnatechnika.com\/?product=benekov-tesneni-vicka-smesovace-c51","title":{"rendered":"Benekov t\u011bsn\u011bn\u00ed v\u00ed\u010dka sm\u011b\u0161ova\u010de C51"},"content":{"rendered":"<p>T\u011bsn\u011bn\u00ed v\u00ed\u010dka sm\u011b\u0161ova\u010de C 50-51.<\/p>\n","protected":false},"excerpt":{"rendered":"<p>T\u011bsn\u011bn\u00ed v\u00ed\u010dka sm\u011b\u0161ova\u010de C 50-51.<\/p>\n","protected":false},"featured_media":4093,"template":"","meta":[],"product_brand":[],"product_cat":[20],"product_tag":[],"class_list":{"0":"post-4092","1":"product","2":"type-product","3":"status-publish","4":"has-post-thumbnail","6":"product_cat-benekov","7":"product_shipping_class-gl","8":"thunk-woo-product-list","9":"opn-qv-enable","10":"top-store-woo-hover-","11":"top-store-single-product-tab-horizontal","12":"top-store-shadow-","13":"top-store-shadow-hover-","15":"first","16":"instock","17":"taxable","18":"shipping-taxable","19":"purchasable","20":"product-type-simple"},"_links":{"self":[{"href":"https:\/\/www.topnatechnika.com\/index.php?rest_route=\/wp\/v2\/product\/4092","targetHints":{"allow":["GET"]}}],"collection":[{"href":"https:\/\/www.topnatechnika.com\/index.php?rest_route=\/wp\/v2\/product"}],"about":[{"href":"https:\/\/www.topnatechnika.com\/index.php?rest_route=\/wp\/v2\/types\/product"}],"wp:featuredmedia":[{"embeddable":true,"href":"https:\/\/www.topnatechnika.com\/index.php?rest_route=\/wp\/v2\/media\/4093"}],"wp:attachment":[{"href":"https:\/\/www.topnatechnika.com\/index.php?rest_route=%2Fwp%2Fv2%2Fmedia&parent=4092"}],"wp:term":[{"taxonomy":"product_brand","embeddable":true,"href":"https:\/\/www.topnatechnika.com\/index.php?rest_route=%2Fwp%2Fv2%2Fproduct_brand&post=4092"},{"taxonomy":"product_cat","embeddable":true,"href":"https:\/\/www.topnatechnika.com\/index.php?rest_route=%2Fwp%2Fv2%2Fproduct_cat&post=4092"},{"taxonomy":"product_tag","embeddable":true,"href":"https:\/\/www.topnatechnika.com\/index.php?rest_route=%2Fwp%2Fv2%2Fproduct_tag&post=4092"}],"curies":[{"name":"wp","href":"https:\/\/api.w.org\/{rel}","templated":true}]}}