{"id":4112,"date":"2024-06-17T13:40:51","date_gmt":"2024-06-17T12:40:51","guid":{"rendered":"https:\/\/www.topnatechnika.com\/?post_type=product&#038;p=4112"},"modified":"2026-04-19T12:17:20","modified_gmt":"2026-04-19T10:17:20","slug":"benekov-izolace-velkych-dvirek","status":"publish","type":"product","link":"https:\/\/www.topnatechnika.com\/?product=benekov-izolace-velkych-dvirek","title":{"rendered":"Benekov izolace velk\u00fdch dv\u00ed\u0159ek"},"content":{"rendered":"<p>Izolace velk\u00fdch spodn\u00edch dv\u00ed\u0159ek C27,B20,K20,25.<\/p>\n<p>570x324x20<\/p>\n","protected":false},"excerpt":{"rendered":"<p>Izolace velk\u00fdch spodn\u00edch dv\u00ed\u0159ek C17,C27,B20,K20,25.<\/p>\n<p>570x324x20<\/p>\n","protected":false},"featured_media":4113,"template":"","meta":[],"product_brand":[],"product_cat":[20],"product_tag":[],"class_list":{"0":"post-4112","1":"product","2":"type-product","3":"status-publish","4":"has-post-thumbnail","6":"product_cat-benekov","7":"product_shipping_class-toptrans-cr","8":"thunk-woo-product-list","9":"opn-qv-enable","10":"top-store-woo-hover-","11":"top-store-single-product-tab-horizontal","12":"top-store-shadow-","13":"top-store-shadow-hover-","15":"first","16":"instock","17":"taxable","18":"shipping-taxable","19":"purchasable","20":"product-type-simple"},"_links":{"self":[{"href":"https:\/\/www.topnatechnika.com\/index.php?rest_route=\/wp\/v2\/product\/4112","targetHints":{"allow":["GET"]}}],"collection":[{"href":"https:\/\/www.topnatechnika.com\/index.php?rest_route=\/wp\/v2\/product"}],"about":[{"href":"https:\/\/www.topnatechnika.com\/index.php?rest_route=\/wp\/v2\/types\/product"}],"wp:featuredmedia":[{"embeddable":true,"href":"https:\/\/www.topnatechnika.com\/index.php?rest_route=\/wp\/v2\/media\/4113"}],"wp:attachment":[{"href":"https:\/\/www.topnatechnika.com\/index.php?rest_route=%2Fwp%2Fv2%2Fmedia&parent=4112"}],"wp:term":[{"taxonomy":"product_brand","embeddable":true,"href":"https:\/\/www.topnatechnika.com\/index.php?rest_route=%2Fwp%2Fv2%2Fproduct_brand&post=4112"},{"taxonomy":"product_cat","embeddable":true,"href":"https:\/\/www.topnatechnika.com\/index.php?rest_route=%2Fwp%2Fv2%2Fproduct_cat&post=4112"},{"taxonomy":"product_tag","embeddable":true,"href":"https:\/\/www.topnatechnika.com\/index.php?rest_route=%2Fwp%2Fv2%2Fproduct_tag&post=4112"}],"curies":[{"name":"wp","href":"https:\/\/api.w.org\/{rel}","templated":true}]}}