{"id":4115,"date":"2024-06-17T13:59:57","date_gmt":"2024-06-17T12:59:57","guid":{"rendered":"https:\/\/www.topnatechnika.com\/?post_type=product&#038;p=4115"},"modified":"2026-04-19T11:52:18","modified_gmt":"2026-04-19T09:52:18","slug":"benekov-izolace-dvirek","status":"publish","type":"product","link":"https:\/\/www.topnatechnika.com\/?product=benekov-izolace-dvirek","title":{"rendered":"Benekov izolace dv\u00ed\u0159ek C27,C25"},"content":{"rendered":"<p>Izolace t\u011bla dv\u00ed\u0159ek C27,C25 ,324x179x20.<\/p>\n","protected":false},"excerpt":{"rendered":"<p>Izolace t\u011bla dv\u00ed\u0159ek C27,C25 ,324x179x20.<\/p>\n","protected":false},"featured_media":4117,"template":"","meta":[],"product_brand":[],"product_cat":[20],"product_tag":[],"class_list":{"0":"post-4115","1":"product","2":"type-product","3":"status-publish","4":"has-post-thumbnail","6":"product_cat-benekov","7":"product_shipping_class-gl","8":"thunk-woo-product-list","9":"opn-qv-enable","10":"top-store-woo-hover-","11":"top-store-single-product-tab-horizontal","12":"top-store-shadow-","13":"top-store-shadow-hover-","15":"first","16":"instock","17":"taxable","18":"shipping-taxable","19":"purchasable","20":"product-type-simple"},"_links":{"self":[{"href":"https:\/\/www.topnatechnika.com\/index.php?rest_route=\/wp\/v2\/product\/4115","targetHints":{"allow":["GET"]}}],"collection":[{"href":"https:\/\/www.topnatechnika.com\/index.php?rest_route=\/wp\/v2\/product"}],"about":[{"href":"https:\/\/www.topnatechnika.com\/index.php?rest_route=\/wp\/v2\/types\/product"}],"wp:featuredmedia":[{"embeddable":true,"href":"https:\/\/www.topnatechnika.com\/index.php?rest_route=\/wp\/v2\/media\/4117"}],"wp:attachment":[{"href":"https:\/\/www.topnatechnika.com\/index.php?rest_route=%2Fwp%2Fv2%2Fmedia&parent=4115"}],"wp:term":[{"taxonomy":"product_brand","embeddable":true,"href":"https:\/\/www.topnatechnika.com\/index.php?rest_route=%2Fwp%2Fv2%2Fproduct_brand&post=4115"},{"taxonomy":"product_cat","embeddable":true,"href":"https:\/\/www.topnatechnika.com\/index.php?rest_route=%2Fwp%2Fv2%2Fproduct_cat&post=4115"},{"taxonomy":"product_tag","embeddable":true,"href":"https:\/\/www.topnatechnika.com\/index.php?rest_route=%2Fwp%2Fv2%2Fproduct_tag&post=4115"}],"curies":[{"name":"wp","href":"https:\/\/api.w.org\/{rel}","templated":true}]}}