{"id":4980,"date":"2025-09-26T09:51:48","date_gmt":"2025-09-26T07:51:48","guid":{"rendered":"https:\/\/www.topnatechnika.com\/?post_type=product&#038;p=4980"},"modified":"2025-10-01T14:07:16","modified_gmt":"2025-10-01T12:07:16","slug":"benekov-izolace-dvirek-c-50","status":"publish","type":"product","link":"https:\/\/www.topnatechnika.com\/?product=benekov-izolace-dvirek-c-50","title":{"rendered":"Benekov izolace dv\u00ed\u0159ek C50"},"content":{"rendered":"<p>Izolace vn\u011bj\u0161\u00edch dv\u00ed\u0159ek C50 (370 x 599 x 20)<\/p>\n","protected":false},"excerpt":{"rendered":"<p>Izolace vn\u011bj\u0161\u00edch dv\u00ed\u0159ek C50 (370 x 599 x 20)<\/p>\n","protected":false},"featured_media":4981,"template":"","meta":[],"product_brand":[],"product_cat":[20],"product_tag":[],"class_list":{"0":"post-4980","1":"product","2":"type-product","3":"status-publish","4":"has-post-thumbnail","6":"product_cat-benekov","7":"product_shipping_class-toptrans-cr","8":"thunk-woo-product-list","9":"opn-qv-enable","10":"top-store-woo-hover-","11":"top-store-single-product-tab-horizontal","12":"top-store-shadow-","13":"top-store-shadow-hover-","15":"first","16":"instock","17":"taxable","18":"shipping-taxable","19":"purchasable","20":"product-type-simple"},"_links":{"self":[{"href":"https:\/\/www.topnatechnika.com\/index.php?rest_route=\/wp\/v2\/product\/4980","targetHints":{"allow":["GET"]}}],"collection":[{"href":"https:\/\/www.topnatechnika.com\/index.php?rest_route=\/wp\/v2\/product"}],"about":[{"href":"https:\/\/www.topnatechnika.com\/index.php?rest_route=\/wp\/v2\/types\/product"}],"wp:featuredmedia":[{"embeddable":true,"href":"https:\/\/www.topnatechnika.com\/index.php?rest_route=\/wp\/v2\/media\/4981"}],"wp:attachment":[{"href":"https:\/\/www.topnatechnika.com\/index.php?rest_route=%2Fwp%2Fv2%2Fmedia&parent=4980"}],"wp:term":[{"taxonomy":"product_brand","embeddable":true,"href":"https:\/\/www.topnatechnika.com\/index.php?rest_route=%2Fwp%2Fv2%2Fproduct_brand&post=4980"},{"taxonomy":"product_cat","embeddable":true,"href":"https:\/\/www.topnatechnika.com\/index.php?rest_route=%2Fwp%2Fv2%2Fproduct_cat&post=4980"},{"taxonomy":"product_tag","embeddable":true,"href":"https:\/\/www.topnatechnika.com\/index.php?rest_route=%2Fwp%2Fv2%2Fproduct_tag&post=4980"}],"curies":[{"name":"wp","href":"https:\/\/api.w.org\/{rel}","templated":true}]}}