{"id":5473,"date":"2026-04-07T14:24:54","date_gmt":"2026-04-07T12:24:54","guid":{"rendered":"https:\/\/www.topnatechnika.com\/?post_type=product&#038;p=5473"},"modified":"2026-04-15T15:46:37","modified_gmt":"2026-04-15T13:46:37","slug":"benekov-snekova-hridel","status":"publish","type":"product","link":"https:\/\/www.topnatechnika.com\/?product=benekov-snekova-hridel","title":{"rendered":"Benekov \u0161nekov\u00e1 h\u0159\u00eddel C 100"},"content":{"rendered":"<p>\u0160nekov\u00e1 h\u0159\u00eddel,<\/p>\n<p>lze pou\u017e\u00edt tak\u00e9 do kotl\u016f C77, C107, R100, R76, R101<\/p>\n","protected":false},"excerpt":{"rendered":"<p>\u0160nekov\u00e1 h\u0159\u00eddel,<\/p>\n<p>lze pou\u017e\u00edt tak\u00e9 do kotl\u016f C77, C107, R100, R76, R101<\/p>\n","protected":false},"featured_media":5474,"template":"","meta":[],"product_brand":[],"product_cat":[20],"product_tag":[],"class_list":{"0":"post-5473","1":"product","2":"type-product","3":"status-publish","4":"has-post-thumbnail","6":"product_cat-benekov","7":"product_shipping_class-toptrans-cr","8":"thunk-woo-product-list","9":"opn-qv-enable","10":"top-store-woo-hover-","11":"top-store-single-product-tab-horizontal","12":"top-store-shadow-","13":"top-store-shadow-hover-","15":"first","16":"instock","17":"taxable","18":"shipping-taxable","19":"purchasable","20":"product-type-simple"},"_links":{"self":[{"href":"https:\/\/www.topnatechnika.com\/index.php?rest_route=\/wp\/v2\/product\/5473","targetHints":{"allow":["GET"]}}],"collection":[{"href":"https:\/\/www.topnatechnika.com\/index.php?rest_route=\/wp\/v2\/product"}],"about":[{"href":"https:\/\/www.topnatechnika.com\/index.php?rest_route=\/wp\/v2\/types\/product"}],"wp:featuredmedia":[{"embeddable":true,"href":"https:\/\/www.topnatechnika.com\/index.php?rest_route=\/wp\/v2\/media\/5474"}],"wp:attachment":[{"href":"https:\/\/www.topnatechnika.com\/index.php?rest_route=%2Fwp%2Fv2%2Fmedia&parent=5473"}],"wp:term":[{"taxonomy":"product_brand","embeddable":true,"href":"https:\/\/www.topnatechnika.com\/index.php?rest_route=%2Fwp%2Fv2%2Fproduct_brand&post=5473"},{"taxonomy":"product_cat","embeddable":true,"href":"https:\/\/www.topnatechnika.com\/index.php?rest_route=%2Fwp%2Fv2%2Fproduct_cat&post=5473"},{"taxonomy":"product_tag","embeddable":true,"href":"https:\/\/www.topnatechnika.com\/index.php?rest_route=%2Fwp%2Fv2%2Fproduct_tag&post=5473"}],"curies":[{"name":"wp","href":"https:\/\/api.w.org\/{rel}","templated":true}]}}