{"id":5491,"date":"2026-04-19T11:14:30","date_gmt":"2026-04-19T09:14:30","guid":{"rendered":"https:\/\/www.topnatechnika.com\/?post_type=product&#038;p=5491"},"modified":"2026-04-19T11:14:30","modified_gmt":"2026-04-19T09:14:30","slug":"benekov-izolace-vrchniho-poklopu-velka-c17-c27","status":"publish","type":"product","link":"https:\/\/www.topnatechnika.com\/?product=benekov-izolace-vrchniho-poklopu-velka-c17-c27","title":{"rendered":"Benekov izolace vrchn\u00edho poklopu velk\u00e1 C17, C27"},"content":{"rendered":"<p>Izolace vrchn\u00edho poklopu velk\u00e1 C17, C27<\/p>\n","protected":false},"excerpt":{"rendered":"<p>Izolace vrchn\u00edho poklopu velk\u00e1 C17, C27<\/p>\n","protected":false},"featured_media":5492,"template":"","meta":[],"product_brand":[],"product_cat":[20],"product_tag":[],"class_list":{"0":"post-5491","1":"product","2":"type-product","3":"status-publish","4":"has-post-thumbnail","6":"product_cat-benekov","7":"product_shipping_class-gl","8":"thunk-woo-product-list","9":"opn-qv-enable","10":"top-store-woo-hover-","11":"top-store-single-product-tab-horizontal","12":"top-store-shadow-","13":"top-store-shadow-hover-","15":"first","16":"instock","17":"taxable","18":"shipping-taxable","19":"purchasable","20":"product-type-simple"},"_links":{"self":[{"href":"https:\/\/www.topnatechnika.com\/index.php?rest_route=\/wp\/v2\/product\/5491","targetHints":{"allow":["GET"]}}],"collection":[{"href":"https:\/\/www.topnatechnika.com\/index.php?rest_route=\/wp\/v2\/product"}],"about":[{"href":"https:\/\/www.topnatechnika.com\/index.php?rest_route=\/wp\/v2\/types\/product"}],"wp:featuredmedia":[{"embeddable":true,"href":"https:\/\/www.topnatechnika.com\/index.php?rest_route=\/wp\/v2\/media\/5492"}],"wp:attachment":[{"href":"https:\/\/www.topnatechnika.com\/index.php?rest_route=%2Fwp%2Fv2%2Fmedia&parent=5491"}],"wp:term":[{"taxonomy":"product_brand","embeddable":true,"href":"https:\/\/www.topnatechnika.com\/index.php?rest_route=%2Fwp%2Fv2%2Fproduct_brand&post=5491"},{"taxonomy":"product_cat","embeddable":true,"href":"https:\/\/www.topnatechnika.com\/index.php?rest_route=%2Fwp%2Fv2%2Fproduct_cat&post=5491"},{"taxonomy":"product_tag","embeddable":true,"href":"https:\/\/www.topnatechnika.com\/index.php?rest_route=%2Fwp%2Fv2%2Fproduct_tag&post=5491"}],"curies":[{"name":"wp","href":"https:\/\/api.w.org\/{rel}","templated":true}]}}