{"id":59,"date":"2021-03-11T23:40:31","date_gmt":"2021-03-11T22:40:31","guid":{"rendered":"http:\/\/www.topnatechnika.com\/?product=tydenni-programovatelny-termostat-euro-099-eco-220"},"modified":"2021-10-24T08:40:48","modified_gmt":"2021-10-24T07:40:48","slug":"tydenni-programovatelny-termostat-euro-099-eco-220","status":"publish","type":"product","link":"https:\/\/www.topnatechnika.com\/?product=tydenni-programovatelny-termostat-euro-099-eco-220","title":{"rendered":"T\u00fddenn\u00ed programovateln\u00fd termostat 091FLv2"},"content":{"rendered":"<p>Termostat se vyu\u017e\u00edv\u00e1 k dr\u00e1tov\u00e9mu ovl\u00e1d\u00e1n\u00ed vyt\u00e1p\u011bc\u00edch za\u0159\u00edzen\u00ed (nap\u0159. plynov\u00fdch a elektrick\u00fdch kotl\u016f, \u010derpadel) nebo chlad\u00edc\u00edch za\u0159\u00edzen\u00ed. Je p\u0159\u00edmo p\u0159ipojen k vyt\u00e1p\u011bc\u00edmu za\u0159\u00edzen\u00ed. Termostat funguje tak, \u017ee udr\u017euje komfortn\u00ed podm\u00ednky v m\u00edstnosti dle nastaven\u00e9ho harmonogramu. U\u017eivatel si m\u016f\u017ee zvolit preferovanou teplotu:<br \/>\nkomfortn\u00ed teplotu (denn\u00ed) a ekonomickou teplotu (no\u010dn\u00ed).<\/p>\n<p><strong>VLASTNOSTI:<\/strong><\/p>\n<ul>\n<li>podsv\u00edcen\u00fd LCD displej<\/li>\n<li>osv\u011bd\u010den\u00e1 a jednoduch\u00e1 obsluha<\/li>\n<li>3 \u00farovn\u011b teploty \u2013 komfortn\u00ed, ekonomick\u00e1 a protiz\u00e1mrzn\u00e1<\/li>\n<li>disponuje 9 samostatn\u00fdmi programy<\/li>\n<li>beznap\u011b\u0165ov\u00fd sp\u00ednac\u00ed nebo rozp\u00ednac\u00ed kontakt<\/li>\n<li>do\u010dasn\u00e1 zm\u011bna re\u017eimu<\/li>\n<li>n\u00e1st\u011bnn\u00e1 mont\u00e1\u017e<\/li>\n<li>re\u017eim VYT\u00c1P\u011aN\u00cd \/ CHLAZEN\u00cd<\/li>\n<li>nastavov\u00e1n\u00ed teploty po 0.2\u00b0C<\/li>\n<li>mo\u017enost nastaven\u00ed hystereze 0,5\u00b0C nebo 1\u00b0C<\/li>\n<li>mo\u017enost kalibrace nam\u011b\u0159en\u00e9 teploty v rozsahu a\u017e \u00b13\u00b0C<\/li>\n<\/ul>\n<p>&nbsp;<\/p>\n","protected":false},"excerpt":{"rendered":"<p>Termostat se vyu\u017e\u00edv\u00e1 k dr\u00e1tov\u00e9mu ovl\u00e1d\u00e1n\u00ed vyt\u00e1p\u011bc\u00edch za\u0159\u00edzen\u00ed (nap\u0159. plynov\u00fdch a elektrick\u00fdch kotl\u016f, \u010derpadel) nebo chlad\u00edc\u00edch za\u0159\u00edzen\u00ed. Je p\u0159\u00edmo p\u0159ipojen k vyt\u00e1p\u011bc\u00edmu za\u0159\u00edzen\u00ed. Termostat funguje tak, \u017ee udr\u017euje komfortn\u00ed podm\u00ednky v m\u00edstnosti dle nastaven\u00e9ho harmonogramu. U\u017eivatel si m\u016f\u017ee zvolit preferovanou teplotu: komfortn\u00ed teplotu (denn\u00ed) a ekonomickou teplotu (no\u010dn\u00ed). VLASTNOSTI: podsv\u00edcen\u00fd LCD displej osv\u011bd\u010den\u00e1 a jednoduch\u00e1 &hellip;<\/p>\n<p class=\"read-more\"> <a class=\" thunk-readmore button \" href=\"https:\/\/www.topnatechnika.com\/?product=tydenni-programovatelny-termostat-euro-099-eco-220\"> <span class=\"screen-reader-text\">T\u00fddenn\u00ed programovateln\u00fd termostat 091FLv2<\/span>V\u00edce<\/a><\/p>\n","protected":false},"featured_media":1391,"template":"","meta":[],"product_brand":[],"product_cat":[26],"product_tag":[],"class_list":{"0":"post-59","1":"product","2":"type-product","3":"status-publish","4":"has-post-thumbnail","6":"product_cat-pokojove-termostaty","7":"product_shipping_class-gl","8":"thunk-woo-product-list","9":"opn-qv-enable","10":"top-store-woo-hover-","11":"top-store-single-product-tab-horizontal","12":"top-store-shadow-","13":"top-store-shadow-hover-","15":"first","16":"instock","17":"taxable","18":"shipping-taxable","19":"purchasable","20":"product-type-simple"},"_links":{"self":[{"href":"https:\/\/www.topnatechnika.com\/index.php?rest_route=\/wp\/v2\/product\/59","targetHints":{"allow":["GET"]}}],"collection":[{"href":"https:\/\/www.topnatechnika.com\/index.php?rest_route=\/wp\/v2\/product"}],"about":[{"href":"https:\/\/www.topnatechnika.com\/index.php?rest_route=\/wp\/v2\/types\/product"}],"wp:featuredmedia":[{"embeddable":true,"href":"https:\/\/www.topnatechnika.com\/index.php?rest_route=\/wp\/v2\/media\/1391"}],"wp:attachment":[{"href":"https:\/\/www.topnatechnika.com\/index.php?rest_route=%2Fwp%2Fv2%2Fmedia&parent=59"}],"wp:term":[{"taxonomy":"product_brand","embeddable":true,"href":"https:\/\/www.topnatechnika.com\/index.php?rest_route=%2Fwp%2Fv2%2Fproduct_brand&post=59"},{"taxonomy":"product_cat","embeddable":true,"href":"https:\/\/www.topnatechnika.com\/index.php?rest_route=%2Fwp%2Fv2%2Fproduct_cat&post=59"},{"taxonomy":"product_tag","embeddable":true,"href":"https:\/\/www.topnatechnika.com\/index.php?rest_route=%2Fwp%2Fv2%2Fproduct_tag&post=59"}],"curies":[{"name":"wp","href":"https:\/\/api.w.org\/{rel}","templated":true}]}}