{"id":60,"date":"2021-03-11T23:40:31","date_gmt":"2021-03-11T22:40:31","guid":{"rendered":"http:\/\/www.topnatechnika.com\/?product=tydenni-programovatelny-termostat-euro-99-eco2-ext"},"modified":"2021-10-24T08:41:07","modified_gmt":"2021-10-24T07:41:07","slug":"tydenni-programovatelny-termostat-euro-99-eco2-ext","status":"publish","type":"product","link":"https:\/\/www.topnatechnika.com\/?product=tydenni-programovatelny-termostat-euro-99-eco2-ext","title":{"rendered":"Internetov\u00fd bezdr\u00e1tov\u00fd termostat RT310i"},"content":{"rendered":"<p>RT310i je bezdr\u00e1tov\u00fd termostat s mo\u017enost\u00ed ovl\u00e1d\u00e1n\u00ed pomoc\u00ed internetu. Termostat ovl\u00e1d\u00e1 topn\u00fd syst\u00e9m ZAP \/ VYP podle v\u00e1mi nastaven\u00e9 po\u017eadovan\u00e9 teploty, kterou m\u016f\u017eete nastavit p\u0159\u00edmo na termostatu nebo vzd\u00e1len\u011b pomoc\u00ed aplikace. Pomoc\u00ed aplikace je mo\u017en\u00e9 m\u011bnit parametry, vytv\u00e1\u0159et harmonogramy nebo zap\u00ednat \/ vyp\u00ednat topn\u00e9 za\u0159\u00edzen\u00ed na d\u00e1lku.<\/p>\n<p><strong>Z\u00e1kladn\u00ed vlastnosti:<\/strong><\/p>\n<ul>\n<li>bezdr\u00e1tov\u00e1 komunikace<\/li>\n<li>automatick\u00e9 sp\u00e1rov\u00e1n\u00ed za\u0159\u00edzen\u00ed<\/li>\n<li>\u017e\u00e1dn\u00e9 opakov\u00e1n\u00ed k\u00f3d\u016f<\/li>\n<li>geoloka\u010dn\u00ed funkce<\/li>\n<li>vzd\u00e1len\u00e9 nebo lok\u00e1ln\u00ed ovl\u00e1d\u00e1n\u00ed<\/li>\n<li>podsv\u00edcen\u00fd LCD displej<\/li>\n<li>korekce nam\u011b\u0159en\u00e9 teploty \u00b13\u00b0C<\/li>\n<li>citlivost teploty 0.5\u00b0C nebo 0.1\u00b0C<\/li>\n<li>protiz\u00e1mrzn\u00fd re\u017eim (nastaviteln\u00e1 teplota protiz\u00e1mrzn\u00e9 ochrany 5 \u2013 9\u00b0C)<\/li>\n<li>re\u017eim dovolen\u00e1<\/li>\n<li>re\u017eim sp\u00e1nku (pozastav\u00ed v\u0161echny funkce termostatu)<\/li>\n<\/ul>\n","protected":false},"excerpt":{"rendered":"<p>RT310i je bezdr\u00e1tov\u00fd termostat s mo\u017enost\u00ed ovl\u00e1d\u00e1n\u00ed pomoc\u00ed internetu. Termostat ovl\u00e1d\u00e1 topn\u00fd syst\u00e9m ZAP \/ VYP podle v\u00e1mi nastaven\u00e9 po\u017eadovan\u00e9 teploty, kterou m\u016f\u017eete nastavit p\u0159\u00edmo na termostatu nebo vzd\u00e1len\u011b pomoc\u00ed aplikace. Pomoc\u00ed aplikace je mo\u017en\u00e9 m\u011bnit parametry, vytv\u00e1\u0159et harmonogramy nebo zap\u00ednat \/ vyp\u00ednat topn\u00e9 za\u0159\u00edzen\u00ed na d\u00e1lku. Z\u00e1kladn\u00ed vlastnosti: bezdr\u00e1tov\u00e1 komunikace automatick\u00e9 sp\u00e1rov\u00e1n\u00ed za\u0159\u00edzen\u00ed \u017e\u00e1dn\u00e9 &hellip;<\/p>\n<p class=\"read-more\"> <a class=\" thunk-readmore button \" href=\"https:\/\/www.topnatechnika.com\/?product=tydenni-programovatelny-termostat-euro-99-eco2-ext\"> <span class=\"screen-reader-text\">Internetov\u00fd bezdr\u00e1tov\u00fd termostat RT310i<\/span>V\u00edce<\/a><\/p>\n","protected":false},"featured_media":1393,"template":"","meta":[],"product_brand":[],"product_cat":[26],"product_tag":[],"class_list":{"0":"post-60","1":"product","2":"type-product","3":"status-publish","4":"has-post-thumbnail","6":"product_cat-pokojove-termostaty","7":"product_shipping_class-gl","8":"thunk-woo-product-list","9":"opn-qv-enable","10":"top-store-woo-hover-","11":"top-store-single-product-tab-horizontal","12":"top-store-shadow-","13":"top-store-shadow-hover-","15":"first","16":"instock","17":"taxable","18":"shipping-taxable","19":"purchasable","20":"product-type-simple"},"_links":{"self":[{"href":"https:\/\/www.topnatechnika.com\/index.php?rest_route=\/wp\/v2\/product\/60","targetHints":{"allow":["GET"]}}],"collection":[{"href":"https:\/\/www.topnatechnika.com\/index.php?rest_route=\/wp\/v2\/product"}],"about":[{"href":"https:\/\/www.topnatechnika.com\/index.php?rest_route=\/wp\/v2\/types\/product"}],"wp:featuredmedia":[{"embeddable":true,"href":"https:\/\/www.topnatechnika.com\/index.php?rest_route=\/wp\/v2\/media\/1393"}],"wp:attachment":[{"href":"https:\/\/www.topnatechnika.com\/index.php?rest_route=%2Fwp%2Fv2%2Fmedia&parent=60"}],"wp:term":[{"taxonomy":"product_brand","embeddable":true,"href":"https:\/\/www.topnatechnika.com\/index.php?rest_route=%2Fwp%2Fv2%2Fproduct_brand&post=60"},{"taxonomy":"product_cat","embeddable":true,"href":"https:\/\/www.topnatechnika.com\/index.php?rest_route=%2Fwp%2Fv2%2Fproduct_cat&post=60"},{"taxonomy":"product_tag","embeddable":true,"href":"https:\/\/www.topnatechnika.com\/index.php?rest_route=%2Fwp%2Fv2%2Fproduct_tag&post=60"}],"curies":[{"name":"wp","href":"https:\/\/api.w.org\/{rel}","templated":true}]}}