{"id":71,"date":"2021-03-11T23:44:44","date_gmt":"2021-03-11T22:44:44","guid":{"rendered":"http:\/\/www.topnatechnika.com\/?product=automatika-dkg-972-model-5"},"modified":"2025-01-15T09:43:10","modified_gmt":"2025-01-15T08:43:10","slug":"automatika-dkg-972-model-5","status":"publish","type":"product","link":"https:\/\/www.topnatechnika.com\/?product=automatika-dkg-972-model-5","title":{"rendered":"Automatika DKG 972"},"content":{"rendered":"<ul>\n<li>Automatika zaji\u0161\u0165uj\u00ed automatick\u00e9 zapalov\u00e1n\u00ed a sn\u00edm\u00e1n\u00ed plamene pro kotle KP ZE 12-18-25.<\/li>\n<li>Ur\u010deno pro odbornou mont\u00e1\u017e.<\/li>\n<\/ul>\n","protected":false},"excerpt":{"rendered":"<p>KP 12-18-25<\/p>\n","protected":false},"featured_media":2033,"template":"","meta":[],"product_brand":[],"product_cat":[19],"product_tag":[],"class_list":{"0":"post-71","1":"product","2":"type-product","3":"status-publish","4":"has-post-thumbnail","6":"product_cat-kovodel","7":"product_shipping_class-gl","8":"thunk-woo-product-list","9":"opn-qv-enable","10":"top-store-woo-hover-","11":"top-store-single-product-tab-horizontal","12":"top-store-shadow-","13":"top-store-shadow-hover-","15":"first","16":"instock","17":"taxable","18":"shipping-taxable","19":"purchasable","20":"product-type-simple"},"_links":{"self":[{"href":"https:\/\/www.topnatechnika.com\/index.php?rest_route=\/wp\/v2\/product\/71","targetHints":{"allow":["GET"]}}],"collection":[{"href":"https:\/\/www.topnatechnika.com\/index.php?rest_route=\/wp\/v2\/product"}],"about":[{"href":"https:\/\/www.topnatechnika.com\/index.php?rest_route=\/wp\/v2\/types\/product"}],"wp:featuredmedia":[{"embeddable":true,"href":"https:\/\/www.topnatechnika.com\/index.php?rest_route=\/wp\/v2\/media\/2033"}],"wp:attachment":[{"href":"https:\/\/www.topnatechnika.com\/index.php?rest_route=%2Fwp%2Fv2%2Fmedia&parent=71"}],"wp:term":[{"taxonomy":"product_brand","embeddable":true,"href":"https:\/\/www.topnatechnika.com\/index.php?rest_route=%2Fwp%2Fv2%2Fproduct_brand&post=71"},{"taxonomy":"product_cat","embeddable":true,"href":"https:\/\/www.topnatechnika.com\/index.php?rest_route=%2Fwp%2Fv2%2Fproduct_cat&post=71"},{"taxonomy":"product_tag","embeddable":true,"href":"https:\/\/www.topnatechnika.com\/index.php?rest_route=%2Fwp%2Fv2%2Fproduct_tag&post=71"}],"curies":[{"name":"wp","href":"https:\/\/api.w.org\/{rel}","templated":true}]}}