{"id":88,"date":"2021-03-12T00:04:36","date_gmt":"2021-03-11T23:04:36","guid":{"rendered":"http:\/\/www.topnatechnika.com\/?product=izolace-velkych-dvirek"},"modified":"2024-12-19T13:59:26","modified_gmt":"2024-12-19T12:59:26","slug":"izolace-velkych-dvirek","status":"publish","type":"product","link":"https:\/\/www.topnatechnika.com\/?product=izolace-velkych-dvirek","title":{"rendered":"Benekov izolace velk\u00fdch dv\u00ed\u0159ek"},"content":{"rendered":"<p>Pro kotle Ling 25, Ling 50 a Pelling 27<\/p>\n<p>Rozm\u011br 365 x 265 x 20<\/p>\n","protected":false},"excerpt":{"rendered":"<p>Pro kotle Ling 25, Ling 50 a Pelling 27<\/p>\n<p>Rozm\u011br 365 x 265 x 20<\/p>\n","protected":false},"featured_media":1319,"template":"","meta":[],"product_brand":[],"product_cat":[20],"product_tag":[],"class_list":{"0":"post-88","1":"product","2":"type-product","3":"status-publish","4":"has-post-thumbnail","6":"product_cat-benekov","7":"product_shipping_class-gl","8":"thunk-woo-product-list","9":"opn-qv-enable","10":"top-store-woo-hover-","11":"top-store-single-product-tab-horizontal","12":"top-store-shadow-","13":"top-store-shadow-hover-","15":"first","16":"instock","17":"taxable","18":"shipping-taxable","19":"purchasable","20":"product-type-simple"},"_links":{"self":[{"href":"https:\/\/www.topnatechnika.com\/index.php?rest_route=\/wp\/v2\/product\/88","targetHints":{"allow":["GET"]}}],"collection":[{"href":"https:\/\/www.topnatechnika.com\/index.php?rest_route=\/wp\/v2\/product"}],"about":[{"href":"https:\/\/www.topnatechnika.com\/index.php?rest_route=\/wp\/v2\/types\/product"}],"wp:featuredmedia":[{"embeddable":true,"href":"https:\/\/www.topnatechnika.com\/index.php?rest_route=\/wp\/v2\/media\/1319"}],"wp:attachment":[{"href":"https:\/\/www.topnatechnika.com\/index.php?rest_route=%2Fwp%2Fv2%2Fmedia&parent=88"}],"wp:term":[{"taxonomy":"product_brand","embeddable":true,"href":"https:\/\/www.topnatechnika.com\/index.php?rest_route=%2Fwp%2Fv2%2Fproduct_brand&post=88"},{"taxonomy":"product_cat","embeddable":true,"href":"https:\/\/www.topnatechnika.com\/index.php?rest_route=%2Fwp%2Fv2%2Fproduct_cat&post=88"},{"taxonomy":"product_tag","embeddable":true,"href":"https:\/\/www.topnatechnika.com\/index.php?rest_route=%2Fwp%2Fv2%2Fproduct_tag&post=88"}],"curies":[{"name":"wp","href":"https:\/\/api.w.org\/{rel}","templated":true}]}}