{"id":93,"date":"2021-03-12T00:04:37","date_gmt":"2021-03-11T23:04:37","guid":{"rendered":"http:\/\/www.topnatechnika.com\/?product=izolace-vika-kotloveho-telesa-vl50"},"modified":"2024-05-19T08:46:42","modified_gmt":"2024-05-19T07:46:42","slug":"izolace-vika-kotloveho-telesa-vl50","status":"publish","type":"product","link":"https:\/\/www.topnatechnika.com\/?product=izolace-vika-kotloveho-telesa-vl50","title":{"rendered":"Benekov izolace v\u00edka kotlov\u00e9ho t\u011blesa VL50"},"content":{"rendered":"<p>Ur\u010deno pro Ling 50 &#8211; VL50<\/p>\n<p>Rozm\u011br:\u00a0445x475x20 mm<\/p>\n","protected":false},"excerpt":{"rendered":"<p>Ur\u010deno pro Ling 50 &#8211; VL50<\/p>\n<p>Rozm\u011br:\u00a0445x475x20 mm<\/p>\n","protected":false},"featured_media":1356,"template":"","meta":[],"product_brand":[],"product_cat":[20],"product_tag":[],"class_list":{"0":"post-93","1":"product","2":"type-product","3":"status-publish","4":"has-post-thumbnail","6":"product_cat-benekov","7":"product_shipping_class-gl","8":"thunk-woo-product-list","9":"opn-qv-enable","10":"top-store-woo-hover-","11":"top-store-single-product-tab-horizontal","12":"top-store-shadow-","13":"top-store-shadow-hover-","15":"first","16":"instock","17":"taxable","18":"shipping-taxable","19":"purchasable","20":"product-type-simple"},"_links":{"self":[{"href":"https:\/\/www.topnatechnika.com\/index.php?rest_route=\/wp\/v2\/product\/93","targetHints":{"allow":["GET"]}}],"collection":[{"href":"https:\/\/www.topnatechnika.com\/index.php?rest_route=\/wp\/v2\/product"}],"about":[{"href":"https:\/\/www.topnatechnika.com\/index.php?rest_route=\/wp\/v2\/types\/product"}],"wp:featuredmedia":[{"embeddable":true,"href":"https:\/\/www.topnatechnika.com\/index.php?rest_route=\/wp\/v2\/media\/1356"}],"wp:attachment":[{"href":"https:\/\/www.topnatechnika.com\/index.php?rest_route=%2Fwp%2Fv2%2Fmedia&parent=93"}],"wp:term":[{"taxonomy":"product_brand","embeddable":true,"href":"https:\/\/www.topnatechnika.com\/index.php?rest_route=%2Fwp%2Fv2%2Fproduct_brand&post=93"},{"taxonomy":"product_cat","embeddable":true,"href":"https:\/\/www.topnatechnika.com\/index.php?rest_route=%2Fwp%2Fv2%2Fproduct_cat&post=93"},{"taxonomy":"product_tag","embeddable":true,"href":"https:\/\/www.topnatechnika.com\/index.php?rest_route=%2Fwp%2Fv2%2Fproduct_tag&post=93"}],"curies":[{"name":"wp","href":"https:\/\/api.w.org\/{rel}","templated":true}]}}